{"id":99,"date":"2011-08-14T11:20:50","date_gmt":"2011-08-14T11:20:50","guid":{"rendered":"http:\/\/www.svquierschied.de\/wordpress\/?page_id=99"},"modified":"2016-10-27T12:21:10","modified_gmt":"2016-10-27T10:21:10","slug":"anlage-am-franzenhaus","status":"publish","type":"page","link":"https:\/\/www.spvgg-quierschied.de\/?page_id=99","title":{"rendered":"Anlage &#8222;Am Franzenhaus&#8220;"},"content":{"rendered":"<p>&nbsp;<\/p>\n<p><a href=\"https:\/\/www.spvgg-quierschied.de\/wp-content\/uploads\/2011\/08\/Kunstrasen.jpg\"><img loading=\"lazy\" decoding=\"async\" class=\"alignleft size-medium wp-image-565\" title=\"Kunstrasen\" src=\"https:\/\/www.spvgg-quierschied.de\/wp-content\/uploads\/2011\/08\/Kunstrasen-300x225.jpg\" alt=\"\" width=\"300\" height=\"225\" srcset=\"https:\/\/www.spvgg-quierschied.de\/wp-content\/uploads\/2011\/08\/Kunstrasen-300x225.jpg 300w, https:\/\/www.spvgg-quierschied.de\/wp-content\/uploads\/2011\/08\/Kunstrasen.jpg 640w\" sizes=\"auto, (max-width: 300px) 100vw, 300px\" \/><\/a><span style=\"text-decoration: underline;\"><strong>Anfahrt:<\/strong><\/span> Unsere Anlage liegt am Ende der Holzer Stra\u00dfe (neben Hausnummer 132) in 66287 Quierschied. Von der Autobahn <strong>A8 aus Richtung Homburg<\/strong> kommend empfiehlt es sich, die Ausfahrt Friedrichsthal-Bildstock zu nutzen. Anschlie\u00dfend geht es links auf dem Maybacher Weg\/sp\u00e4ter Quierschieder Stra\u00dfe\/sp\u00e4ter Bahnhofstra\u00dfe weiter Richtung Ortsmitte auf die Holzer Stra\u00dfe. Dieser Hauptstra\u00dfe einfach bis zum Ortsausgang folgen. Der Sportplatz befindet sich dann auf der rechten Seite. Von der <strong>A8 aus Richtung Saarlouis<\/strong> kommend empfiehlt sich Am Autobahnkreuz Saarbr\u00fccken die Abfahrt auf die A1 in Richtung Saarbr\u00fccken und dort die erste Abfahrt in Richtung Quierschied. Danach geht es rechts auf der Saarstra\u00dfe weiter und wieder die Erste links auf die L262. Am Ende des Waldst\u00fccks finden Sie den Sportplatz auf der linken Seite.<\/p>\n<p><span style=\"text-decoration: underline;\"><strong>Parkpl\u00e4tze:<\/strong><\/span> Gegen\u00fcber des Eingangsbereichs und unseres Clubheims befindet sich direkt neben dem \u00f6rtlichen Friedhof ein Parkplatz. Weitere Parkm\u00f6glichkeiten gibt es in der Holzer Stra\u00dfe und anliegenden Seitenstra\u00dfen.<\/p>\n<p>&nbsp;<\/p>\n<p><a href=\"https:\/\/www.spvgg-quierschied.de\/wp-content\/uploads\/2011\/08\/KunstrasenII.jpg\"><img loading=\"lazy\" decoding=\"async\" class=\"size-medium wp-image-566 alignright\" title=\"Kunstrasen II\" src=\"https:\/\/www.spvgg-quierschied.de\/wp-content\/uploads\/2011\/08\/KunstrasenII-300x146.jpg\" alt=\"\" width=\"180\" height=\"88\" srcset=\"https:\/\/www.spvgg-quierschied.de\/wp-content\/uploads\/2011\/08\/KunstrasenII-300x146.jpg 300w, https:\/\/www.spvgg-quierschied.de\/wp-content\/uploads\/2011\/08\/KunstrasenII.jpg 400w\" sizes=\"auto, (max-width: 180px) 100vw, 180px\" \/><\/a>Im Fr\u00fchjahr 2010 wurde der altgediente Hartplatz hinter dem Clubheim zu einem <strong>Kunstrasenplatz<\/strong> umgebaut. Seit der <a href=\"https:\/\/www.spvgg-quierschied.de\/?p=532\">Einweihungsfeier<\/a> (6. bis 8. August 2010) tragen alle Mannschaften ihre Trainingseinheiten und Spiele auf dem satten k\u00fcnstlichen Gr\u00fcn aus. Eine Flutlichtanlage gew\u00e4hrleistet den Trainigs- und Spielbetrieb auch in sp\u00e4teren Abendstunden und den Wintermonaten.<\/p>\n<p>&nbsp;<\/p>\n<p>Als sehr gute Ausweichm\u00f6glichkeit steht allen Mannschaften der Sportvereinigung mit Blick auf das Kraftwerk Weiher der <strong>Naturrasenplatz<\/strong> zur Verf\u00fcgung. Seit dem Bau des Kunstrasenplatzes hat der weniger beanspruchte Rasenplatz sich sichtlich erholt und bietet mehr als nur eine Alternative.<\/p>\n<p style=\"text-align: left;\"><a href=\"https:\/\/www.spvgg-quierschied.de\/wp-content\/uploads\/2011\/08\/Naturrasen-Stadion.jpg\"><img loading=\"lazy\" decoding=\"async\" class=\"alignright size-medium wp-image-528\" title=\"Naturrasen Stadion\" src=\"https:\/\/www.spvgg-quierschied.de\/wp-content\/uploads\/2011\/08\/Naturrasen-Stadion-300x225.jpg\" alt=\"\" width=\"300\" height=\"225\" srcset=\"https:\/\/www.spvgg-quierschied.de\/wp-content\/uploads\/2011\/08\/Naturrasen-Stadion-300x225.jpg 300w, https:\/\/www.spvgg-quierschied.de\/wp-content\/uploads\/2011\/08\/Naturrasen-Stadion.jpg 600w\" sizes=\"auto, (max-width: 300px) 100vw, 300px\" \/><\/a>Auf dem Gel\u00e4nde, das die Sporvereinigung Quierschied langfristig als P\u00e4chter nutzt, finden Sie rund um den Naturrasenplatz auch <strong>Leichtathletik-Installationen<\/strong> wie eine 400 Meter-Laufbahn, zwei Hochsprunganlagen, eine Weitsprung-Sandgrube sowie zwei Wurfanlagen f\u00fcr Kugelsto\u00dfer, Hammer-, Diskus- und Speerwerfer.<\/p>\n<p style=\"text-align: left;\"><a href=\"https:\/\/www.spvgg-quierschied.de\/wp-content\/uploads\/2011\/08\/Naturrasen-Pfosten.jpg\"><img loading=\"lazy\" decoding=\"async\" class=\"size-medium wp-image-529 alignleft\" title=\"Naturrasen Pfosten\" src=\"https:\/\/www.spvgg-quierschied.de\/wp-content\/uploads\/2011\/08\/Naturrasen-Pfosten-300x225.jpg\" alt=\"\" width=\"180\" height=\"135\" srcset=\"https:\/\/www.spvgg-quierschied.de\/wp-content\/uploads\/2011\/08\/Naturrasen-Pfosten-300x225.jpg 300w, https:\/\/www.spvgg-quierschied.de\/wp-content\/uploads\/2011\/08\/Naturrasen-Pfosten.jpg 600w\" sizes=\"auto, (max-width: 180px) 100vw, 180px\" \/><\/a><a href=\"https:\/\/www.spvgg-quierschied.de\/wp-content\/uploads\/2011\/08\/Wurfanlage.jpg\"><img loading=\"lazy\" decoding=\"async\" class=\"aligncenter size-medium wp-image-530\" title=\"Wurfanlage\" src=\"https:\/\/www.spvgg-quierschied.de\/wp-content\/uploads\/2011\/08\/Wurfanlage-300x225.jpg\" alt=\"\" width=\"180\" height=\"135\" srcset=\"https:\/\/www.spvgg-quierschied.de\/wp-content\/uploads\/2011\/08\/Wurfanlage-300x225.jpg 300w, https:\/\/www.spvgg-quierschied.de\/wp-content\/uploads\/2011\/08\/Wurfanlage.jpg 600w\" sizes=\"auto, (max-width: 180px) 100vw, 180px\" \/><\/a><\/p>\n","protected":false},"excerpt":{"rendered":"<p>&nbsp; Anfahrt: Unsere Anlage liegt am Ende der Holzer Stra\u00dfe (neben Hausnummer 132) in 66287 Quierschied. Von der Autobahn A8 aus Richtung Homburg kommend empfiehlt es sich, die Ausfahrt Friedrichsthal-Bildstock zu nutzen. Anschlie\u00dfend geht es links auf dem Maybacher Weg\/sp\u00e4ter&hellip;<\/p>\n<p class=\"more-link-p\"><a class=\"more-link\" href=\"https:\/\/www.spvgg-quierschied.de\/?page_id=99\">Read more &rarr;<\/a><\/p>\n","protected":false},"author":1,"featured_media":0,"parent":27,"menu_order":0,"comment_status":"closed","ping_status":"closed","template":"","meta":{"footnotes":""},"class_list":["post-99","page","type-page","status-publish","hentry"],"_links":{"self":[{"href":"https:\/\/www.spvgg-quierschied.de\/index.php?rest_route=\/wp\/v2\/pages\/99","targetHints":{"allow":["GET"]}}],"collection":[{"href":"https:\/\/www.spvgg-quierschied.de\/index.php?rest_route=\/wp\/v2\/pages"}],"about":[{"href":"https:\/\/www.spvgg-quierschied.de\/index.php?rest_route=\/wp\/v2\/types\/page"}],"author":[{"embeddable":true,"href":"https:\/\/www.spvgg-quierschied.de\/index.php?rest_route=\/wp\/v2\/users\/1"}],"replies":[{"embeddable":true,"href":"https:\/\/www.spvgg-quierschied.de\/index.php?rest_route=%2Fwp%2Fv2%2Fcomments&post=99"}],"version-history":[{"count":20,"href":"https:\/\/www.spvgg-quierschied.de\/index.php?rest_route=\/wp\/v2\/pages\/99\/revisions"}],"predecessor-version":[{"id":16100,"href":"https:\/\/www.spvgg-quierschied.de\/index.php?rest_route=\/wp\/v2\/pages\/99\/revisions\/16100"}],"up":[{"embeddable":true,"href":"https:\/\/www.spvgg-quierschied.de\/index.php?rest_route=\/wp\/v2\/pages\/27"}],"wp:attachment":[{"href":"https:\/\/www.spvgg-quierschied.de\/index.php?rest_route=%2Fwp%2Fv2%2Fmedia&parent=99"}],"curies":[{"name":"wp","href":"https:\/\/api.w.org\/{rel}","templated":true}]}}