{"id":445,"date":"2011-09-02T07:36:57","date_gmt":"2011-09-02T07:36:57","guid":{"rendered":"http:\/\/www.spvgg-quierschied.de\/?page_id=445"},"modified":"2020-04-27T13:53:31","modified_gmt":"2020-04-27T11:53:31","slug":"schiedsrichter","status":"publish","type":"page","link":"https:\/\/www.spvgg-quierschied.de\/?page_id=445","title":{"rendered":"Schiedsrichter"},"content":{"rendered":"<div id=\"attachment_7167\" style=\"width: 170px\" class=\"wp-caption alignleft\"><a href=\"https:\/\/www.spvgg-quierschied.de\/wp-content\/uploads\/2011\/09\/SFV-Kampagne-gegen-Gewalt-September-2013-ohne-Aktionstag.gif\"><img loading=\"lazy\" decoding=\"async\" aria-describedby=\"caption-attachment-7167\" class=\"size-full wp-image-7167\" src=\"https:\/\/www.spvgg-quierschied.de\/wp-content\/uploads\/2011\/09\/SFV-Kampagne-gegen-Gewalt-September-2013-ohne-Aktionstag.gif\" alt=\"Quelle: www.saar-fv.de\" width=\"160\" height=\"600\" \/><\/a><p id=\"caption-attachment-7167\" class=\"wp-caption-text\">Quelle: www.saar-fv.de<\/p><\/div>\n<p>Unsere Sportvereinigung Quierschied ist stets auf der Suche nach neuen Schiedsrichtern. Sollten auch Sie Interesse daran haben, eine Karriere als Schiedsrichter zu starten, k\u00f6nnen Sie sich gerne an uns wenden (s. <a href=\"https:\/\/www.spvgg-quierschied.de\/?page_id=309\">KONTAKT<\/a>) oder pers\u00f6nlich bei einem unserer Vorstandsmitgliedern.<\/p>\n<p>Wir halten die Ausbildung neuer Schiedsrichter f\u00fcr wichtig und richtig. Auch wegen des oft unsportlichen Verhaltens von Zuschauern und Spielern f\u00e4llt es insbesondere den j\u00fcngeren Fu\u00dfballern sehr schwer, sich f\u00fcr eine Ausbildung zum Schiedsrichter zu entscheiden.<\/p>\n<p>Nicht nur deshalb ist es eine Leitlinie der Sportvereinigung Quierschied, sowohl mit Schiedsrichterinnen und Schiedsrichtern, als auch mit gegnerischen Spielern und Verantwortlichen &#8211; gerade in Situationen der Meinungsverschiedenheit &#8211; respektvoll und fair umzugehen. Ganz im Sinne der &#8222;Fair ist mehr&#8220;-Kampagne des <a href=\"http:\/\/www.dfb.de\" target=\"_blank\" rel=\"noopener noreferrer\">Deutschen Fu\u00dfball Bundes (DFB)<\/a>. Diesen respektvollen Umgang versuchen unsere Trainer der Jugend- und Aktiven Mannschaften allen Spielerinnen und Spielern zu vermitteln &#8211; denn:<\/p>\n<p style=\"text-align: center;\"><strong>Ohne Schiedsrichter k\u00f6nnen wir unser geliebtes Hobby nicht aus\u00fcben!<\/strong><\/p>\n<p style=\"text-align: center;\">\n<p style=\"text-align: center;\"><strong>Die Unparteiischen haben keinen leichten Job &#8211; also lasst ihn uns nicht noch schwerer machen!<\/strong><\/p>\n<p><img loading=\"lazy\" decoding=\"async\" class=\"size-medium wp-image-1019 alignright\" title=\"DFB-Logo Fair_ist_mehr\" src=\"https:\/\/www.spvgg-quierschied.de\/wp-content\/uploads\/2011\/09\/DFB-Logo-Fair_ist_mehr-300x121.gif\" alt=\"\" width=\"300\" height=\"121\" srcset=\"https:\/\/www.spvgg-quierschied.de\/wp-content\/uploads\/2011\/09\/DFB-Logo-Fair_ist_mehr-300x121.gif 300w, https:\/\/www.spvgg-quierschied.de\/wp-content\/uploads\/2011\/09\/DFB-Logo-Fair_ist_mehr-1024x414.gif 1024w, https:\/\/www.spvgg-quierschied.de\/wp-content\/uploads\/2011\/09\/DFB-Logo-Fair_ist_mehr.gif 1804w\" sizes=\"auto, (max-width: 300px) 100vw, 300px\" \/><\/p>\n","protected":false},"excerpt":{"rendered":"<p>Unsere Sportvereinigung Quierschied ist stets auf der Suche nach neuen Schiedsrichtern. Sollten auch Sie Interesse daran haben, eine Karriere als Schiedsrichter zu starten, k\u00f6nnen Sie sich gerne an uns wenden (s. KONTAKT) oder pers\u00f6nlich bei einem unserer Vorstandsmitgliedern. Wir halten&hellip;<\/p>\n<p class=\"more-link-p\"><a class=\"more-link\" href=\"https:\/\/www.spvgg-quierschied.de\/?page_id=445\">Read more &rarr;<\/a><\/p>\n","protected":false},"author":1,"featured_media":0,"parent":27,"menu_order":0,"comment_status":"closed","ping_status":"closed","template":"","meta":{"footnotes":""},"class_list":["post-445","page","type-page","status-publish","hentry"],"_links":{"self":[{"href":"https:\/\/www.spvgg-quierschied.de\/index.php?rest_route=\/wp\/v2\/pages\/445","targetHints":{"allow":["GET"]}}],"collection":[{"href":"https:\/\/www.spvgg-quierschied.de\/index.php?rest_route=\/wp\/v2\/pages"}],"about":[{"href":"https:\/\/www.spvgg-quierschied.de\/index.php?rest_route=\/wp\/v2\/types\/page"}],"author":[{"embeddable":true,"href":"https:\/\/www.spvgg-quierschied.de\/index.php?rest_route=\/wp\/v2\/users\/1"}],"replies":[{"embeddable":true,"href":"https:\/\/www.spvgg-quierschied.de\/index.php?rest_route=%2Fwp%2Fv2%2Fcomments&post=445"}],"version-history":[{"count":18,"href":"https:\/\/www.spvgg-quierschied.de\/index.php?rest_route=\/wp\/v2\/pages\/445\/revisions"}],"predecessor-version":[{"id":23627,"href":"https:\/\/www.spvgg-quierschied.de\/index.php?rest_route=\/wp\/v2\/pages\/445\/revisions\/23627"}],"up":[{"embeddable":true,"href":"https:\/\/www.spvgg-quierschied.de\/index.php?rest_route=\/wp\/v2\/pages\/27"}],"wp:attachment":[{"href":"https:\/\/www.spvgg-quierschied.de\/index.php?rest_route=%2Fwp%2Fv2%2Fmedia&parent=445"}],"curies":[{"name":"wp","href":"https:\/\/api.w.org\/{rel}","templated":true}]}}