{"id":35176,"date":"2025-09-10T15:52:03","date_gmt":"2025-09-10T13:52:03","guid":{"rendered":"https:\/\/www.spvgg-quierschied.de\/?page_id=35176"},"modified":"2025-09-11T14:14:59","modified_gmt":"2025-09-11T12:14:59","slug":"walking-football","status":"publish","type":"page","link":"https:\/\/www.spvgg-quierschied.de\/?page_id=35176","title":{"rendered":"Walking Football"},"content":{"rendered":"\n<p>Seit M\u00e4rz 2025 gibt es auch Gehfu\u00dfball (Walking-Football) bei unserer Sportvereinigung Quierschied. Einmal die Woche wird sich dabei zum Training getroffen und ab und an mal ein Turnier gespielt.<\/p>\n\n\n\n<figure class=\"wp-block-image size-large\"><a href=\"https:\/\/www.spvgg-quierschied.de\/wp-content\/uploads\/2025\/09\/1000361702.jpg\"><img loading=\"lazy\" decoding=\"async\" width=\"1024\" height=\"641\" src=\"https:\/\/www.spvgg-quierschied.de\/wp-content\/uploads\/2025\/09\/1000361702-1024x641.jpg\" alt=\"\" class=\"wp-image-35201\" srcset=\"https:\/\/www.spvgg-quierschied.de\/wp-content\/uploads\/2025\/09\/1000361702-1024x641.jpg 1024w, https:\/\/www.spvgg-quierschied.de\/wp-content\/uploads\/2025\/09\/1000361702-300x188.jpg 300w, https:\/\/www.spvgg-quierschied.de\/wp-content\/uploads\/2025\/09\/1000361702-768x481.jpg 768w, https:\/\/www.spvgg-quierschied.de\/wp-content\/uploads\/2025\/09\/1000361702-560x351.jpg 560w, https:\/\/www.spvgg-quierschied.de\/wp-content\/uploads\/2025\/09\/1000361702-260x163.jpg 260w, https:\/\/www.spvgg-quierschied.de\/wp-content\/uploads\/2025\/09\/1000361702-160x100.jpg 160w, https:\/\/www.spvgg-quierschied.de\/wp-content\/uploads\/2025\/09\/1000361702.jpg 1080w\" sizes=\"auto, (max-width: 1024px) 100vw, 1024px\" \/><\/a><\/figure>\n\n\n\n<p><strong>Walking-Football, was genau ist das ?<\/strong><\/p>\n\n\n\n<p>Der Saarl\u00e4ndische Fu\u00dfballverband erkl\u00e4rt: \u201eWalking Football wurde im Jahr 2011 in England erfunden und hat mittlerweile auch in Deutschland Einzug gehalten. Diese Variante des Fu\u00dfballs bietet eine echte Alternative f\u00fcr Menschen, die Freude am Fu\u00dfballspiel und der Bewegung mit dem Ball haben, aber den herk\u00f6mmlichen Fu\u00dfball als zu schnell, k\u00f6rperbetont und intensiv empfinden. Beim Fu\u00dfball im Gehen liegt der Fokus darauf, in gem\u00e4\u00dfigtem Tempo zu spielen, wodurch die Aktivit\u00e4t f\u00fcr eine breitere Altersgruppe und verschiedene Fitnessniveaus zug\u00e4nglich wird\u201c, so Willy Rohn, der Referent f\u00fcr Freizeit- und Breitensport beim Saarl\u00e4ndischen Fu\u00dfballverband.<\/p>\n\n\n\n<figure class=\"wp-block-image size-large\"><a href=\"https:\/\/www.spvgg-quierschied.de\/wp-content\/uploads\/2025\/09\/1000361701-1.jpg\"><img loading=\"lazy\" decoding=\"async\" width=\"1024\" height=\"798\" src=\"https:\/\/www.spvgg-quierschied.de\/wp-content\/uploads\/2025\/09\/1000361701-1-1024x798.jpg\" alt=\"\" class=\"wp-image-35200\" srcset=\"https:\/\/www.spvgg-quierschied.de\/wp-content\/uploads\/2025\/09\/1000361701-1-1024x798.jpg 1024w, https:\/\/www.spvgg-quierschied.de\/wp-content\/uploads\/2025\/09\/1000361701-1-300x234.jpg 300w, https:\/\/www.spvgg-quierschied.de\/wp-content\/uploads\/2025\/09\/1000361701-1-768x599.jpg 768w, https:\/\/www.spvgg-quierschied.de\/wp-content\/uploads\/2025\/09\/1000361701-1-560x437.jpg 560w, https:\/\/www.spvgg-quierschied.de\/wp-content\/uploads\/2025\/09\/1000361701-1-260x203.jpg 260w, https:\/\/www.spvgg-quierschied.de\/wp-content\/uploads\/2025\/09\/1000361701-1-160x125.jpg 160w, https:\/\/www.spvgg-quierschied.de\/wp-content\/uploads\/2025\/09\/1000361701-1.jpg 1134w\" sizes=\"auto, (max-width: 1024px) 100vw, 1024px\" \/><\/a><\/figure>\n\n\n\n<figure class=\"wp-block-image size-large\"><a href=\"https:\/\/www.spvgg-quierschied.de\/wp-content\/uploads\/2025\/09\/1000361703.jpg\"><img loading=\"lazy\" decoding=\"async\" width=\"1024\" height=\"993\" src=\"https:\/\/www.spvgg-quierschied.de\/wp-content\/uploads\/2025\/09\/1000361703-1024x993.jpg\" alt=\"\" class=\"wp-image-35212\" srcset=\"https:\/\/www.spvgg-quierschied.de\/wp-content\/uploads\/2025\/09\/1000361703-1024x993.jpg 1024w, https:\/\/www.spvgg-quierschied.de\/wp-content\/uploads\/2025\/09\/1000361703-300x291.jpg 300w, https:\/\/www.spvgg-quierschied.de\/wp-content\/uploads\/2025\/09\/1000361703-768x745.jpg 768w, https:\/\/www.spvgg-quierschied.de\/wp-content\/uploads\/2025\/09\/1000361703-1536x1489.jpg 1536w, https:\/\/www.spvgg-quierschied.de\/wp-content\/uploads\/2025\/09\/1000361703-560x543.jpg 560w, https:\/\/www.spvgg-quierschied.de\/wp-content\/uploads\/2025\/09\/1000361703-260x252.jpg 260w, https:\/\/www.spvgg-quierschied.de\/wp-content\/uploads\/2025\/09\/1000361703-160x155.jpg 160w, https:\/\/www.spvgg-quierschied.de\/wp-content\/uploads\/2025\/09\/1000361703.jpg 1615w\" sizes=\"auto, (max-width: 1024px) 100vw, 1024px\" \/><\/a><\/figure>\n","protected":false},"excerpt":{"rendered":"<p>Seit M\u00e4rz 2025 gibt es auch Gehfu\u00dfball (Walking-Football) bei unserer Sportvereinigung Quierschied. Einmal die Woche wird sich dabei zum Training getroffen und ab und an mal ein Turnier gespielt. Walking-Football, was genau ist das ? Der Saarl\u00e4ndische Fu\u00dfballverband erkl\u00e4rt: \u201eWalking&hellip;<\/p>\n<p class=\"more-link-p\"><a class=\"more-link\" href=\"https:\/\/www.spvgg-quierschied.de\/?page_id=35176\">Read more &rarr;<\/a><\/p>\n","protected":false},"author":1,"featured_media":0,"parent":16,"menu_order":0,"comment_status":"closed","ping_status":"closed","template":"","meta":{"footnotes":""},"class_list":["post-35176","page","type-page","status-publish","hentry"],"_links":{"self":[{"href":"https:\/\/www.spvgg-quierschied.de\/index.php?rest_route=\/wp\/v2\/pages\/35176","targetHints":{"allow":["GET"]}}],"collection":[{"href":"https:\/\/www.spvgg-quierschied.de\/index.php?rest_route=\/wp\/v2\/pages"}],"about":[{"href":"https:\/\/www.spvgg-quierschied.de\/index.php?rest_route=\/wp\/v2\/types\/page"}],"author":[{"embeddable":true,"href":"https:\/\/www.spvgg-quierschied.de\/index.php?rest_route=\/wp\/v2\/users\/1"}],"replies":[{"embeddable":true,"href":"https:\/\/www.spvgg-quierschied.de\/index.php?rest_route=%2Fwp%2Fv2%2Fcomments&post=35176"}],"version-history":[{"count":3,"href":"https:\/\/www.spvgg-quierschied.de\/index.php?rest_route=\/wp\/v2\/pages\/35176\/revisions"}],"predecessor-version":[{"id":35213,"href":"https:\/\/www.spvgg-quierschied.de\/index.php?rest_route=\/wp\/v2\/pages\/35176\/revisions\/35213"}],"up":[{"embeddable":true,"href":"https:\/\/www.spvgg-quierschied.de\/index.php?rest_route=\/wp\/v2\/pages\/16"}],"wp:attachment":[{"href":"https:\/\/www.spvgg-quierschied.de\/index.php?rest_route=%2Fwp%2Fv2%2Fmedia&parent=35176"}],"curies":[{"name":"wp","href":"https:\/\/api.w.org\/{rel}","templated":true}]}}