{"id":2942,"date":"2012-06-04T09:15:15","date_gmt":"2012-06-04T09:15:15","guid":{"rendered":"http:\/\/www.spvgg-quierschied.de\/?page_id=2942"},"modified":"2024-08-15T22:22:36","modified_gmt":"2024-08-15T20:22:36","slug":"sponsoren-2","status":"publish","type":"page","link":"https:\/\/www.spvgg-quierschied.de\/?page_id=2942","title":{"rendered":"\u00dcbersicht"},"content":{"rendered":"\n<p>Neben Bandenwerbung und Sachspenden (Spielball, Trikotsatz f\u00fcr eine unserer Mannschaften) k\u00f6nnen an einer Partnerschaft interessierte Firmen und Selsbtst\u00e4ndige auch mit einer Verlinkung auf unserer Internetseite f\u00fcr sich werben.<\/p>\n\n\n\n<p>Weil die Sportvereinigung Quierschied ein gemeinn\u00fctziger Verein ist, werden allen Spendern Spendenquittungen ausgestellt.<\/p>\n\n\n\n<p>Wenn auch Sie die Sportvereinigung unterst\u00fctzen m\u00f6chten, setzen Sie sich einfach mit uns in Verbindung! E-Mail email@spvgg-quierschied.de<\/p>\n\n\n\n<p><strong>Unser Ausr\u00fcster:<\/strong><\/p>\n\n\n<div class=\"wp-block-image\">\n<figure class=\"alignleft\"><a href=\"https:\/\/www.11teamsports.com\/de-de\/\" target=\"_blank\" rel=\"noopener\"><img loading=\"lazy\" decoding=\"async\" width=\"300\" height=\"108\" src=\"https:\/\/www.spvgg-quierschied.de\/wp-content\/uploads\/2018\/04\/Logo-11teamsports-300x108.png\" alt=\"\" class=\"wp-image-19238\" srcset=\"https:\/\/www.spvgg-quierschied.de\/wp-content\/uploads\/2018\/04\/Logo-11teamsports-300x108.png 300w, https:\/\/www.spvgg-quierschied.de\/wp-content\/uploads\/2018\/04\/Logo-11teamsports-768x278.png 768w, https:\/\/www.spvgg-quierschied.de\/wp-content\/uploads\/2018\/04\/Logo-11teamsports-1024x370.png 1024w, https:\/\/www.spvgg-quierschied.de\/wp-content\/uploads\/2018\/04\/Logo-11teamsports-560x202.png 560w, https:\/\/www.spvgg-quierschied.de\/wp-content\/uploads\/2018\/04\/Logo-11teamsports-260x94.png 260w, https:\/\/www.spvgg-quierschied.de\/wp-content\/uploads\/2018\/04\/Logo-11teamsports-160x58.png 160w, https:\/\/www.spvgg-quierschied.de\/wp-content\/uploads\/2018\/04\/Logo-11teamsports.png 1472w\" sizes=\"auto, (max-width: 300px) 100vw, 300px\" \/><\/a><\/figure>\n<\/div>\n\n\n<p><\/p>\n\n\n\n<p>&nbsp;<\/p>\n\n\n\n<p>&nbsp;<\/p>\n\n\n\n<p>&nbsp;<\/p>\n\n\n\n<p>Folgende <strong>Werbepartner<\/strong> unterst\u00fctzen die Sportvereinigung Quierschied:<\/p>\n\n\n<div class=\"wp-block-image\">\n<figure class=\"alignleft\"><a href=\"http:\/\/www.metallbau-ps.de\/\"><img loading=\"lazy\" decoding=\"async\" width=\"358\" height=\"157\" src=\"https:\/\/www.spvgg-quierschied.de\/wp-content\/uploads\/2012\/06\/Metallbau-Schmidt-Herbst-2017.jpg\" alt=\"\" class=\"wp-image-18658\" srcset=\"https:\/\/www.spvgg-quierschied.de\/wp-content\/uploads\/2012\/06\/Metallbau-Schmidt-Herbst-2017.jpg 358w, https:\/\/www.spvgg-quierschied.de\/wp-content\/uploads\/2012\/06\/Metallbau-Schmidt-Herbst-2017-300x132.jpg 300w, https:\/\/www.spvgg-quierschied.de\/wp-content\/uploads\/2012\/06\/Metallbau-Schmidt-Herbst-2017-260x114.jpg 260w, https:\/\/www.spvgg-quierschied.de\/wp-content\/uploads\/2012\/06\/Metallbau-Schmidt-Herbst-2017-160x70.jpg 160w\" sizes=\"auto, (max-width: 358px) 100vw, 358px\" \/><\/a><\/figure>\n<\/div>\n\n\n<p><\/p>\n\n\n\n<p>&nbsp;<\/p>\n\n\n\n<p>&nbsp;<\/p>\n\n\n\n<p>&nbsp;<\/p>\n\n\n\n<p>&nbsp;<\/p>\n\n\n<div class=\"wp-block-image\">\n<figure class=\"alignleft\"><a href=\"http:\/\/www.saarland-versicherungen.de\" target=\"_blank\" rel=\"noopener\"><img loading=\"lazy\" decoding=\"async\" width=\"300\" height=\"123\" src=\"https:\/\/www.spvgg-quierschied.de\/wp-content\/uploads\/2011\/08\/Saarland-Versicherungen-300x123.jpg\" alt=\"\" class=\"wp-image-2937\" title=\"Saarland Versicherungen\" srcset=\"https:\/\/www.spvgg-quierschied.de\/wp-content\/uploads\/2011\/08\/Saarland-Versicherungen-300x123.jpg 300w, https:\/\/www.spvgg-quierschied.de\/wp-content\/uploads\/2011\/08\/Saarland-Versicherungen.jpg 349w\" sizes=\"auto, (max-width: 300px) 100vw, 300px\" \/><\/a><\/figure>\n<\/div>\n\n\n<p><\/p>\n\n\n\n<p>&nbsp;<\/p>\n\n\n\n<p>&nbsp;<\/p>\n\n\n\n<p>&nbsp;<\/p>\n\n\n\n<p>&nbsp;<\/p>\n\n\n<div class=\"wp-block-image\">\n<figure class=\"alignleft\"><a href=\"http:\/\/www.flip1.de\" target=\"_blank\" rel=\"noopener\"><img loading=\"lazy\" decoding=\"async\" width=\"300\" height=\"86\" src=\"https:\/\/www.spvgg-quierschied.de\/wp-content\/uploads\/2012\/06\/Flip_Homepage-300x86.jpg\" alt=\"flip_homepage\" class=\"wp-image-15912\" srcset=\"https:\/\/www.spvgg-quierschied.de\/wp-content\/uploads\/2012\/06\/Flip_Homepage-300x86.jpg 300w, https:\/\/www.spvgg-quierschied.de\/wp-content\/uploads\/2012\/06\/Flip_Homepage-260x74.jpg 260w, https:\/\/www.spvgg-quierschied.de\/wp-content\/uploads\/2012\/06\/Flip_Homepage-160x46.jpg 160w, https:\/\/www.spvgg-quierschied.de\/wp-content\/uploads\/2012\/06\/Flip_Homepage.jpg 500w\" sizes=\"auto, (max-width: 300px) 100vw, 300px\" \/><\/a><\/figure>\n<\/div>\n\n\n<p><\/p>\n\n\n\n<p>&nbsp;<\/p>\n\n\n\n<p>&nbsp;<\/p>\n\n\n\n<p>&nbsp;<\/p>\n\n\n<div class=\"wp-block-image\">\n<figure class=\"alignleft\"><a href=\"https:\/\/www.urgo.de\" target=\"_blank\" rel=\"https:\/\/www.urgo.de noopener\"><img loading=\"lazy\" decoding=\"async\" width=\"300\" height=\"126\" src=\"https:\/\/www.spvgg-quierschied.de\/wp-content\/uploads\/2012\/06\/Logo_HealingPeople_blau-300x126.jpg\" alt=\"logo_healingpeople_blau\" class=\"wp-image-15962\" srcset=\"https:\/\/www.spvgg-quierschied.de\/wp-content\/uploads\/2012\/06\/Logo_HealingPeople_blau-300x126.jpg 300w, https:\/\/www.spvgg-quierschied.de\/wp-content\/uploads\/2012\/06\/Logo_HealingPeople_blau-260x109.jpg 260w, https:\/\/www.spvgg-quierschied.de\/wp-content\/uploads\/2012\/06\/Logo_HealingPeople_blau-160x67.jpg 160w, https:\/\/www.spvgg-quierschied.de\/wp-content\/uploads\/2012\/06\/Logo_HealingPeople_blau.jpg 366w\" sizes=\"auto, (max-width: 300px) 100vw, 300px\" \/><\/a><\/figure>\n<\/div>\n\n\n<p><\/p>\n\n\n\n<p>&nbsp;<\/p>\n\n\n\n<p>&nbsp;<\/p>\n\n\n\n<p>&nbsp;<\/p>\n\n\n\n<p>&nbsp;<\/p>\n\n\n\n<p><a href=\"http:\/\/www.heizoel-meiser.de\" target=\"_blank\" rel=\"noopener\">WILLI MEISER GmbH CONTAINER, HEIZ\u00d6L, BAUSTOFFE&#8230;<\/a><\/p>\n\n\n\n<p>SCHREINEREI ZIMMER, M\u00fchlenbergstr. 24 in 66287 Quierschied. Tel.: 06897\/96540<\/p>\n\n\n\n<p><a href=\"https:\/\/www.elektro-grohs.de\/\">ELEKTRO GROHS GmbH, Am Bahnhof 8 in 66287 Quierschied. Tel.: 06897\/600356<\/a><\/p>\n\n\n\n<figure class=\"wp-block-image size-full\"><a href=\"https:\/\/www.spvgg-quierschied.de\/wp-content\/uploads\/2024\/08\/Logo.jpg\"><img loading=\"lazy\" decoding=\"async\" width=\"621\" height=\"205\" src=\"https:\/\/www.spvgg-quierschied.de\/wp-content\/uploads\/2024\/08\/Logo.jpg\" alt=\"\" class=\"wp-image-31955\" srcset=\"https:\/\/www.spvgg-quierschied.de\/wp-content\/uploads\/2024\/08\/Logo.jpg 621w, https:\/\/www.spvgg-quierschied.de\/wp-content\/uploads\/2024\/08\/Logo-300x99.jpg 300w, https:\/\/www.spvgg-quierschied.de\/wp-content\/uploads\/2024\/08\/Logo-560x185.jpg 560w, https:\/\/www.spvgg-quierschied.de\/wp-content\/uploads\/2024\/08\/Logo-260x86.jpg 260w, https:\/\/www.spvgg-quierschied.de\/wp-content\/uploads\/2024\/08\/Logo-160x53.jpg 160w\" sizes=\"auto, (max-width: 621px) 100vw, 621px\" \/><\/a><\/figure>\n\n\n\n<p><a href=\"http:\/\/www.gerdsauer.de\/\" target=\"_blank\" rel=\"noopener\">STEUERBERATUNG GERD SAUER<\/a><\/p>\n\n\n\n<p>GOLD- UND M\u00dcNZANKAUF M\u00dcNZFRANK, Marienstra\u00dfe 6 in 66287 Quierschied. Tel.: 06897\/9242492<\/p>\n\n\n<div class=\"wp-block-image\">\n<figure class=\"alignleft\"><a href=\"http:\/\/www.saartoto.de\" target=\"_blank\" rel=\"noopener\"><img loading=\"lazy\" decoding=\"async\" width=\"300\" height=\"117\" src=\"https:\/\/www.spvgg-quierschied.de\/wp-content\/uploads\/2016\/08\/LOTTO-Logo-300x117.jpg\" alt=\"LOTTO-Logo\" class=\"wp-image-15447\" srcset=\"https:\/\/www.spvgg-quierschied.de\/wp-content\/uploads\/2016\/08\/LOTTO-Logo-300x117.jpg 300w, https:\/\/www.spvgg-quierschied.de\/wp-content\/uploads\/2016\/08\/LOTTO-Logo-768x300.jpg 768w, https:\/\/www.spvgg-quierschied.de\/wp-content\/uploads\/2016\/08\/LOTTO-Logo-1024x400.jpg 1024w, https:\/\/www.spvgg-quierschied.de\/wp-content\/uploads\/2016\/08\/LOTTO-Logo-560x219.jpg 560w, https:\/\/www.spvgg-quierschied.de\/wp-content\/uploads\/2016\/08\/LOTTO-Logo-260x101.jpg 260w, https:\/\/www.spvgg-quierschied.de\/wp-content\/uploads\/2016\/08\/LOTTO-Logo-160x62.jpg 160w, https:\/\/www.spvgg-quierschied.de\/wp-content\/uploads\/2016\/08\/LOTTO-Logo.jpg 1181w\" sizes=\"auto, (max-width: 300px) 100vw, 300px\" \/><\/a><\/figure>\n<\/div>\n\n\n<p><\/p>\n\n\n\n<p>&nbsp;<\/p>\n\n\n\n<p>&nbsp;<\/p>\n\n\n\n<p>&nbsp;<\/p>\n","protected":false},"excerpt":{"rendered":"<p>Neben Bandenwerbung und Sachspenden (Spielball, Trikotsatz f\u00fcr eine unserer Mannschaften) k\u00f6nnen an einer Partnerschaft interessierte Firmen und Selsbtst\u00e4ndige auch mit einer Verlinkung auf unserer Internetseite f\u00fcr sich werben. Weil die Sportvereinigung Quierschied ein gemeinn\u00fctziger Verein ist, werden allen Spendern Spendenquittungen&hellip;<\/p>\n<p class=\"more-link-p\"><a class=\"more-link\" href=\"https:\/\/www.spvgg-quierschied.de\/?page_id=2942\">Read more &rarr;<\/a><\/p>\n","protected":false},"author":1,"featured_media":0,"parent":17576,"menu_order":0,"comment_status":"closed","ping_status":"open","template":"","meta":{"footnotes":""},"class_list":["post-2942","page","type-page","status-publish","hentry"],"_links":{"self":[{"href":"https:\/\/www.spvgg-quierschied.de\/index.php?rest_route=\/wp\/v2\/pages\/2942","targetHints":{"allow":["GET"]}}],"collection":[{"href":"https:\/\/www.spvgg-quierschied.de\/index.php?rest_route=\/wp\/v2\/pages"}],"about":[{"href":"https:\/\/www.spvgg-quierschied.de\/index.php?rest_route=\/wp\/v2\/types\/page"}],"author":[{"embeddable":true,"href":"https:\/\/www.spvgg-quierschied.de\/index.php?rest_route=\/wp\/v2\/users\/1"}],"replies":[{"embeddable":true,"href":"https:\/\/www.spvgg-quierschied.de\/index.php?rest_route=%2Fwp%2Fv2%2Fcomments&post=2942"}],"version-history":[{"count":30,"href":"https:\/\/www.spvgg-quierschied.de\/index.php?rest_route=\/wp\/v2\/pages\/2942\/revisions"}],"predecessor-version":[{"id":31956,"href":"https:\/\/www.spvgg-quierschied.de\/index.php?rest_route=\/wp\/v2\/pages\/2942\/revisions\/31956"}],"up":[{"embeddable":true,"href":"https:\/\/www.spvgg-quierschied.de\/index.php?rest_route=\/wp\/v2\/pages\/17576"}],"wp:attachment":[{"href":"https:\/\/www.spvgg-quierschied.de\/index.php?rest_route=%2Fwp%2Fv2%2Fmedia&parent=2942"}],"curies":[{"name":"wp","href":"https:\/\/api.w.org\/{rel}","templated":true}]}}