{"id":18,"date":"2011-08-14T08:48:27","date_gmt":"2011-08-14T06:48:27","guid":{"rendered":"http:\/\/www.svquierschied.de\/wordpress\/?page_id=18"},"modified":"2021-07-27T12:25:05","modified_gmt":"2021-07-27T10:25:05","slug":"impressum","status":"publish","type":"page","link":"https:\/\/www.spvgg-quierschied.de\/?page_id=18","title":{"rendered":"Impressum\/Datenschutzerkl\u00e4rung"},"content":{"rendered":"<p><span style=\"text-decoration: underline;\">Die <strong>Autoren<\/strong> auf Spvgg-Quierschied.de<\/span><\/p>\n<p><strong>admin<\/strong> = Sebastian Zenner (Webmaster)<\/p>\n<p><strong>Presse<\/strong> = Fred Brill<\/p>\n<p><strong>Info<\/strong> = Kai Berrang<\/p>\n<p>Angaben gem\u00e4\u00df \u00a7 5 TMG:<\/p>\n<p><strong>Sportvereinigung Quierschied e.V.<\/strong><\/p>\n<p>Hochstra\u00dfe 28<\/p>\n<p>66287 Quierschied<\/p>\n<p>Vertreten durch den <a href=\"https:\/\/www.spvgg-quierschied.de\/?page_id=2\">Vorstand<\/a>.<\/p>\n<p><strong>Kontakt:<\/strong><\/p>\n<p>Telefon Clubheim: 06897 \/ 63331<\/p>\n<p>Email: email [at] spvgg-quierschied.de<\/p>\n<p>Registereintrag: Eintragung im Vereinsregister (Vereinskennziffer: 12\/86063)<\/p>\n<p>Registergericht: Amtsgericht Saarbr\u00fccken.<\/p>\n<p><em>Inhaltlich Verantwortlicher gem\u00e4\u00df \u00a7 55 II RStV :<\/em><\/p>\n<p>1. Vorsitzender<\/p>\n<p>Sportvereinigung Quierschied<\/p>\n<p>Hochstra\u00dfe 28<\/p>\n<p>66287 Quierschied<\/p>\n<p>Die Technik dieses Internt-Blogs wurde von <a title=\"WORDPRESS\" href=\"http:\/\/www.wordpress.de\/\" target=\"_blank\" rel=\"noopener noreferrer\">WORDPRESS<\/a> entwickelt und unterliegt deren Copyright.<\/p>\n<p>Die ver\u00f6ffentlichten Bilder wurden von Vereinsmitgliedern f\u00fcr den Verein erstellt bzw. ihm zur Verf\u00fcgung gestellt. Andernfalls: siehe Quellenangaben in den entsprechenden Eintr\u00e4gen.<\/p>\n<p><strong>HAFTUNGSAUSSCHLUS<\/strong><strong>S<\/strong><\/p>\n<p><strong>Haftung f\u00fcr Inhalte<\/strong><\/p>\n<p>Die Inhalte unserer Seiten wurden mit gr\u00f6\u00dfter Sorgfalt erstellt. F\u00fcr die Richtigkeit, Vollst\u00e4ndigkeit und Aktualit\u00e4t der Inhalte k\u00f6nnen wir jedoch keine Gew\u00e4hr \u00fcbernehmen. Als Diensteanbieter sind wir gem\u00e4\u00df \u00a7 7 Abs.1 TMG f\u00fcr eigene Inhalte auf diesen Seiten nach den allgemeinen Gesetzen verantwortlich. Nach \u00a7\u00a7 8 bis 10 TMG sind wir als Diensteanbieter jedoch nicht verpflichtet, \u00fcbermittelte oder gespeicherte fremde Informationen zu \u00fcberwachen oder nach Umst\u00e4nden zu forschen, die auf eine rechtswidrige T\u00e4tigkeit hinweisen. Verpflichtungen zur Entfernung oder Sperrung der Nutzung von Informationen nach den allgemeinen Gesetzen bleiben hiervon unber\u00fchrt. Eine diesbez\u00fcgliche Haftung ist jedoch erst ab dem Zeitpunkt der Kenntnis einer konkreten Rechtsverletzung m\u00f6glich. Bei Bekanntwerden von entsprechenden Rechtsverletzungen werden wir diese Inhalte umgehend entfernen.<\/p>\n<p><strong>Haftung f\u00fcr Links<\/strong><\/p>\n<p>Unser Angebot enth\u00e4lt Links zu externen Webseiten Dritter, auf deren Inhalte wir keinen Einfluss haben. Deshalb k\u00f6nnen wir f\u00fcr diese fremden Inhalte auch keine Gew\u00e4hr \u00fcbernehmen. F\u00fcr die Inhalte der verlinkten Seiten ist stets der jeweilige Anbieter oder Betreiber der Seiten verantwortlich. Die verlinkten Seiten wurden zum Zeitpunkt der Verlinkung auf m\u00f6gliche Rechtsverst\u00f6\u00dfe \u00fcberpr\u00fcft. Rechtswidrige Inhalte waren zum Zeitpunkt der Verlinkung nicht erkennbar. Eine permanente inhaltliche Kontrolle der verlinkten Seiten ist jedoch ohne konkrete Anhaltspunkte einer Rechtsverletzung nicht zumutbar. Bei Bekanntwerden von Rechtsverletzungen werden wir derartige Links umgehend entfernen.<\/p>\n<p><strong>Urheberrecht<\/strong><\/p>\n<p>Die durch die Seitenbetreiber erstellten Inhalte und Werke auf diesen Seiten unterliegen dem deutschen Urheberrecht. Die Vervielf\u00e4ltigung, Bearbeitung, Verbreitung und jede Art der Verwertung au\u00dferhalb der Grenzen des Urheberrechtes bed\u00fcrfen der schriftlichen Zustimmung des jeweiligen Autors bzw. Erstellers. Downloads und Kopien dieser Seite sind nur f\u00fcr den privaten, nicht kommerziellen Gebrauch gestattet. Soweit die Inhalte auf dieser Seite nicht vom Betreiber erstellt wurden, werden die Urheberrechte Dritter beachtet. Insbesondere werden Inhalte Dritter als solche gekennzeichnet. Sollten Sie trotzdem auf eine Urheberrechtsverletzung aufmerksam werden, bitten wir um einen entsprechenden Hinweis. Bei Bekanntwerden von Rechtsverletzungen werden wir derartige Inhalte umgehend entfernen.<\/p>\n<p><strong>ODR-Plattform<\/strong><\/p>\n<p>Plattform der EU zur au\u00dfergerichtlichen Online-Streitbeilegung<\/p>\n<p>http:\/\/ec.europa.eu\/consumers\/odr\/<\/p>\n<p>Wir sind weder bereit noch verpflichtet, an einem Streitbeilegungsverfahren vor einer Verbraucherschlichtungsstelle teilzunehmen.<\/p>\n<p><strong>Datenschutz<\/strong><\/p>\n<p>Wir weisen darauf hin, dass die Daten\u00fcbertragung im Internet (z.B. bei der Kommunikation per E-Mail) Sicherheitsl\u00fccken aufweisen kann. Ein l\u00fcckenloser Schutz der Daten vor dem Zugriff durch Dritte ist nicht m\u00f6glich.<\/p>\n<p>Bitte lesen Sie auch unsere Datenschutzerkl\u00e4rung:<\/p>\n<p><strong>DATENSCHUTZERKL\u00c4RUNG<\/strong><\/p>\n<p>Wir, die Sportvereinigung Quierschied e.V. (fortan: Spvgg. Quierschied), vertreten durch den Vorstandsvorsitzenden Patric Schmidt, nehmen den Schutz ihrer personenbezogenen Daten und die Einhaltung geltenden datenschutzrechtlichen Bestimmungen der EU Datenschutz-Grundverordnung (DS-GVO) und des neuen Bundesdatenschutzgesetzes (BDSG-neu) sehr ernst. Die nachfolgende Erkl\u00e4rung gibt Ihnen einen \u00dcberblick dar\u00fcber, wie wir diesen Schutz gew\u00e4hrleisten,welche Art von Daten zu welchem Zweck von uns verarbeitet werden und welche Rechte Sie als Betroffener haben.<\/p>\n<p>Die Nutzung unserer Webseite ist in der Regel ohne Angabe personenbezogener Daten m\u00f6glich. JavaScript muss aktiviert sein, um alle Informationen korrekt und vollst\u00e4ndig abrufen zu k\u00f6nnen. Soweit auf unseren Seiten personenbezogene Daten (beispielsweise Name, Anschrift oder eMail-Adressen) erhoben werden, erfolgt dies m\u00f6glichst auf freiwilliger Basis. Diese Daten werden nur zum jeweils angegebenen Zweck verwendet, sicher verwahrt und ohne Ihre ausdr\u00fcckliche Einwilligung nicht an Dritte \u00fcbermittelt. Wir werden Ihnen nur Informationen zusenden, sofern sie sich f\u00fcr entsprechende Angebote angemeldet haben.<\/p>\n<p>Der Zweck der Datenverarbeitung liegt darin, dass sie zur Durchf\u00fchrung von Service-Ma\u00dfnahmen (etwa die Herstellung des Kontakts mittels Kontaktformular), zur Erf\u00fcllung einer rechtlichen Verpflichtung oder zur Wahrung berechtigter Interessen der Spvgg. Quierschied erforderlich ist.<\/p>\n<p>Rechtsgrundlagen f\u00fcr die Datenverarbeitung sind Art. 6 Abs. 1 b) DS-GVO (Erforderlichkeit zur Erf\u00fcllung eines Vertrags oder zur Durchf\u00fchrung vorvertraglicher Ma\u00dfnahmen), Art. 6 Abs. 1 c) DS-GVO (Erf\u00fcllung einer rechtlichen Verpflichtung) und Art. 6 Abs. 1 f) DS-GVO (Wahrung berechtigter Interessen). Die Speicherdauer der Daten, die \u00fcberhaupt gespeichert werden, richtet sich danach, ob eine Speicherung f\u00fcr die o.g. Zwecke noch erforderlich ist. Die Spvgg. Quierschied speichert Ihre Daten nur solange, wie sie zur Durchf\u00fchrung oder Vorbereitung eines Vertrages, zur Erf\u00fcllung gesetzlicher Verpflichtungen oder zur Wahrung berechtigter Interessen erforderlich sind. Hiernach werden Ihre Daten gel\u00f6scht.<\/p>\n<p>Wir weisen darauf hin, dass die Daten\u00fcbertragung im Internet (z.B. bei der Kommunikation per E-Mail) Sicherheitsl\u00fccken aufweisen kann. Ein l\u00fcckenloser Schutz der Daten vor dem Zugriff durch Dritte ist daher nicht m\u00f6glich.<br \/>\nVerantwortliche Stelle im Sinne des \u00a7 13 Abs. 1 TMG und Art. 4 Nr. 7 DS-GVO ist:<\/p>\n<p>Spvgg. Quierschied<br \/>\nAm Hochwald 4<br \/>\n66287 Quierschied<br \/>\nTelefon Clubheim: 06897 \/ 63331<br \/>\nEmail: email [at] spvgg-quierschied.de<\/p>\n<p><strong>Datenverarbeitung auf dieser Internetseite<\/strong><\/p>\n<p>Unser Hosting-Dienstleister erhebt und speichert automatisch in ihren Server Log Files Informationen, die Ihr Browser an den Server \u00fcbermittelt. Dies sind:<br \/>\n&#8211; Browsertyp\/ -version (bspw. Internet-Explorer, Chrome, Safari, Firefox, Edge, u.\u00e4.)<br \/>\n&#8211; Verwendetes Betriebssystem<br \/>\n&#8211; Verwendetes Betriebssystem (bspw. Windows, Android, Chrome OS, iOS, MacOS, Linux, u.\u00e4.)<br \/>\n&#8211; Referrer URL (die zuvor besuchte Seite)<br \/>\n&#8211; Hostname des zugreifenden Rechners (IP Adresse)<br \/>\n&#8211; Uhrzeit der Serveranfrage.<\/p>\n<p>Diese Daten sind f\u00fcr die Spvgg. Quierschied nicht bestimmten Personen zuordenbar. Eine Zusammenf\u00fchrung dieser Daten mit anderen Datenquellen wird nicht vorgenommen, die Daten werden zudem nach einer statistischen Auswertung gel\u00f6scht.<\/p>\n<p><strong>Nutzung von Cookies<\/strong><\/p>\n<p>Die Internetseiten verwenden an mehreren Stellen so genannte &#8222;Sitzungs-Cookies&#8220;. Diese werden gel\u00f6scht, sobald der Webbrowser geschlossen wird. Bis dahin werden sie nur vor\u00fcbergehend gespeichert und nicht wiederhergestellt, nachdem der Browser geschlossen wurde. Sie dienen dazu, unser Angebot nutzerfreundlicher, attraktiver und effektiver zu machen. Sitzungs-Cookies sammeln keine Informationen von Ihrem Computer. Die erfassten Informationen werden mit einer anonymen, keiner konkreten Person zuzuordnenden \u201eSitzungs-ID\u201c verkn\u00fcpft.<\/p>\n<p>Cookies richten auf Ihrem Rechner keinen Schaden an, sie sind kein Programm und enthalten keine Viren. Ob Cookies gesammelt werden k\u00f6nnen, bestimmen Sie selbst, indem Sie Ihren Browser individuell in der Weise einstellen, dass Sie vor dem Speichern eines Cookies informiert werden, die Annahme grunds\u00e4tzlich akzeptieren oder verweigern, und eine Speicherung erst erfolgt, wenn Sie dies ausdr\u00fccklich akzeptieren.<\/p>\n<p>Cookies k\u00f6nnen beispielsweise eingesetzt werden, um zu erkennen, dass Ihr PC schon einmal eine Verbindung zu einem Webangebot hatte (dauerhafte Cookies) oder um zuletzt angesehene Angebote zu speichern (Sitzungs-Cookies). Wir empfehlen Ihnen, die Annahme von Cookies f\u00fcr unser Webangebot zu erlauben.<\/p>\n<p>Weitere Informationen von Einsatz der Cookies sowie zur Deaktivierung von Cookies sind unter http:\/\/www.meine-cookies.org zu finden.<\/p>\n<p><strong>Datenschutzerkl\u00e4rung f\u00fcr die Nutzung von Google Analytics<\/strong><\/p>\n<p>Diese Website benutzt im Rahmen einer Auftragsdatenverarbeitung Google Analytics, einen Webanalysedienst der Google Inc. (&#8222;Google&#8220;). Google Analytics verwendet sog. &#8222;Cookies&#8220;, Textdateien, die auf Ihrem Computer gespeichert werden und die eine Analyse der Benutzung der Website durch Sie erm\u00f6glichen. Die durch den Cookie erzeugten Informationen \u00fcber Ihre Benutzung dieser Website werden in der Regel an einen Server von Google in den USA \u00fcbertragen und dort gespeichert. Durch die Aktivierung der IP-Anonymisierung auf dieser Webseite wird Ihre IP-Adresse von Google jedoch innerhalb von Mitgliedstaaten der Europ\u00e4ischen Union oder in anderen Vertragsstaaten des Abkommens \u00fcber den Europ\u00e4ischen Wirtschaftsraum zuvor gek\u00fcrzt.<\/p>\n<p>Nur in Ausnahmef\u00e4llen wird die volle IP-Adresse an einen Server von Google in den USA \u00fcbertragen und dort gek\u00fcrzt. Im Auftrag des Betreibers dieser Website wird Google diese Informationen benutzen, um Ihre Nutzung der Website auszuwerten, um Reports \u00fcber die Websiteaktivit\u00e4ten zusammenzustellen und um weitere mit der Websitenutzung und der Internetnutzung verbundene Dienstleistungen gegen\u00fcber dem Websitebetreiber zu erbringen. Die im Rahmen von Google Analytics von Ihrem Browser \u00fcbermittelte IP-Adresse wird nicht mit anderen Daten von Google zusammengef\u00fchrt.<\/p>\n<p><strong>Keine Datenerfassung f\u00fcr Werbefunktionen:<\/strong> In Google Analytics werden neben den Daten, die durch die Standardimplementierung von Google Analytics erfasst werden, keine weitere Zugriffsdaten gesammelt.<\/p>\n<p><strong>Zeitlich begrenzte Aufbewahrung von Nutzer- und Ereignisdaten:<\/strong> Die Aufbewahrungsdauer der von Ihnen gesendeten oder mit Cookies verkn\u00fcpften Daten betr\u00e4gt 26 Monate, um einen vollst\u00e4ndigen Vorjahresvergleich m\u00f6glich zu machen. Die Nutzer- und Ereignisdaten werden nach Ablauf dieser Frist automatisch gel\u00f6scht. Diese Einstellungen werden am 25. Mai 2018 wirksam.<\/p>\n<p>Sie k\u00f6nnen die Speicherung der Cookies durch eine entsprechende Einstellung Ihrer Browser-Software verhindern; wir weisen Sie jedoch darauf hin, dass Sie in diesem Fall gegebenenfalls nicht s\u00e4mtliche Funktionen dieser Website vollumf\u00e4nglich werden nutzen k\u00f6nnen. Sie k\u00f6nnen dar\u00fcber hinaus die Erfassung der durch das Cookie erzeugten und auf Ihre Nutzung der Website bezogenen Daten (inkl. Ihrer IP-Adresse) an Google sowie die Verarbeitung dieser Daten durch Google verhindern, indem sie das unter dem folgenden Link verf\u00fcgbare Browser-Plugin herunterladen und installieren: http:\/\/tools.google.com\/dlpage\/gaoptout?hl=de .<\/p>\n<p>Sie k\u00f6nnen die Erfassung durch Google Analytics verhindern, indem Sie auf folgenden Link klicken. Es wird ein Opt-Out-Cookie gesetzt, das die zuk\u00fcnftige Erfassung Ihrer Daten beim Besuch dieser Website verhindert:<\/p>\n<p><strong>Google Analytics deaktivieren<\/strong><\/p>\n<p>Sie k\u00f6nnen die Erfassung durch Google Analytics verhindern, indem Sie auf folgenden Link klicken. Es wird ein Opt-Out-Cookie gesetzt, das die zuk\u00fcnftige Erfassung Ihrer Daten beim Besuch dieser Website verhindert:<\/p>\n<p>Klicken Sie auf diesen Link, um Google Analytics f\u00fcr diese Website zu deaktivieren.<\/p>\n<p>N\u00e4here Informationen zu Nutzungsbedingungen und Datenschutz finden Sie unter http:\/\/www.google.com\/analytics\/terms\/de.html bzw. unter https:\/\/www.google.de\/intl\/de\/policies\/.<\/p>\n<p><strong>Google Fonts<\/strong><\/p>\n<p>Bei einem Besuch auf unserer Webseite werden von den Google-Servern (Google-Dienst: Google Fonts) Schriftarten geladen um sie auf dieser Webseite anzeigen zu k\u00f6nnen, sofern Sie diese Schriftart nicht bereits schon in Ihrem Browser-Zwischenspeicher haben. F\u00fcr die dortige Verarbeitung Ihrer Daten, die bei der Anfrage Ihres Browsers gesendet werden, ist Google zust\u00e4ndig.<\/p>\n<p>Informationen \u00fcber Google Fonts finden Sie unter https:\/\/fonts.google.com\/#AboutPlace:about<\/p>\n<p><strong>YouTube<\/strong><\/p>\n<p>Unsere Seite verwendet f\u00fcr die Einbindung von Videos den Anbieter YouTube LLC , 901 Cherry Avenue, San Bruno, CA 94066, USA, vertreten durch Google Inc., 1600 Amphitheatre Parkway, Mountain View, CA 94043, USA. Normalerweise wird bereits bei Aufruf einer Seite mit eingebetteten Videos Ihre IP-Adresse an YouTube gesendet und Cookies auf Ihrem Rechner installiert. Wir haben unsere YouTube-Videos jedoch mit dem erweiterten Datenschutzmodus eingebunden (in diesem Fall nimmt YouTube immer noch Kontakt zu dem Dienst Double Klick von Google auf, doch werden dabei laut der Datenschutzerkl\u00e4rung von Google personenbezogene Daten nicht ausgewertet). Dadurch werden von YouTube keine Informationen \u00fcber die Besucher mehr gespeichert, es sei denn, sie sehen sich das Video an. Wenn Sie das Video anklicken, wird Ihre IP-Adresse an YouTube \u00fcbermittelt und YouTube erf\u00e4hrt, dass Sie das Video angesehen haben. Sind Sie bei YouTube eingeloggt, wird diese Information auch Ihrem Benutzerkonto zugeordnet (dies k\u00f6nnen Sie verhindern, indem Sie sich vor dem Aufrufen des Videos bei YouTube ausloggen).<\/p>\n<p>Von der dann m\u00f6glichen Erhebung und Verwendung Ihrer Daten durch YouTube haben wir keine Kenntnis und darauf auch keinen Einfluss. N\u00e4here Informationen k\u00f6nnen Sie der Datenschutzerkl\u00e4rung von YouTube unter www.google.de\/intl\/de\/policies\/privacy\/ entnehmen. Zudem verweisen wir f\u00fcr den generellen Umgang mit und die Deaktivierung von Cookies auf unsere allgemeine Darstellung weiter oben in dieser Datenschutzerkl\u00e4rung.<\/p>\n<p><strong>Datenschutzerkl\u00e4rung f\u00fcr die Nutzung von Google +1<\/strong><\/p>\n<p>Erfassung und Weitergabe von Informationen:<br \/>\nMithilfe der Google +1-Schaltfl\u00e4che k\u00f6nnen Sie Informationen weltweit ver\u00f6ffentlichen. \u00dcber die Google +1-Schaltfl\u00e4che erhalten Sie und andere Nutzer personalisierte Inhalte von Google und unseren Partnern. Google speichert sowohl die Information, dass Sie f\u00fcr einen Inhalt +1 gegeben haben, als auch Informationen \u00fcber die Seite, die Sie beim Klicken auf +1 angesehen haben. Ihre +1 k\u00f6nnen als Hinweise zusammen mit Ihrem Profilnamen und Ihrem Foto in Google-Diensten, wie etwa in Suchergebnissen oder in Ihrem Google-Profil, oder an anderen Stellen auf Websites und Anzeigen im Internet eingeblendet werden. Google zeichnet Informationen \u00fcber Ihre +1-Aktivit\u00e4ten auf, um die Google-Dienste f\u00fcr Sie und andere zu verbessern. Um die Google +1-Schaltfl\u00e4che verwenden zu k\u00f6nnen, ben\u00f6tigen Sie ein weltweit sichtbares, \u00f6ffentliches Google-Profil, das zumindest den f\u00fcr das Profil gew\u00e4hlten Namen enthalten muss. Dieser Name wird in allen Google-Diensten verwendet. In manchen F\u00e4llen kann dieser Name auch einen anderen Namen ersetzen, den Sie beim Teilen von Inhalten \u00fcber Ihr Google-Konto verwendet haben. Die Identit\u00e4t Ihres Google-Profils kann Nutzern angezeigt werden, die Ihre E-Mail-Adresse kennen oder \u00fcber andere identifizierende Informationen von Ihnen verf\u00fcgen.<br \/>\nVerwendung der erfassten Informationen:<\/p>\n<p>Neben den oben erl\u00e4uterten Verwendungszwecken werden die von Ihnen bereitgestellten Informationen gem\u00e4\u00df den geltenden Google-Datenschutzbestimmungen genutzt. Google ver\u00f6ffentlicht m\u00f6glicherweise zusammengefasste Statistiken \u00fcber die +1-Aktivit\u00e4ten der Nutzer bzw. gibt diese an Nutzer und Partner weiter, wie etwa Publisher, Inserenten oder verbundene Websites.<\/p>\n<p><strong>Soziale Netzwerke<\/strong><\/p>\n<p>Wir betreiben neben dieser Webseite auch Pr\u00e4senzen in diversen sozialen Medien. Soweit Sie eine solche Pr\u00e4senz besuchen, k\u00f6nnen personenbezogene Daten an den Anbieter des sozialen Netzwerks \u00fcbermittelt werden. Neben der Speicherung der von Ihnen in diesem sozialen Medium konkret eingegebenen Daten k\u00f6nnen auch weitere Informationen von dem Anbieter des sozialen Netzwerks erhoben, verarbeitet oder genutzt werden.<\/p>\n<p>Au\u00dferdem erhebt, verarbeitet und nutzt der Anbieter des jeweiligen sozialen Netzwerks m\u00f6glicherweise die wichtigsten Daten des Computersystems, von dem aus Sie das Netzwerk besuchen \u2013 etwa Ihre IP-Adresse, den Prozessortyp und Version Ihres Browsers samt Plug-Ins.<\/p>\n<p>Sofern Sie ein solches Netzwerk besuchen und hierbei mit Ihrem pers\u00f6nlichen Benutzerkonto des jeweiligen Netzwerkes eingeloggt sind, kann der Betreiber des Netzwerkes den Besuch Ihrem Konto zuordnen. Sollten Sie eine solche Zuordnung nicht w\u00fcnschen, k\u00f6nnen Sie sie umgehen indem sie sich vor Besuch unserer Pr\u00e4senz mit Ihrem Konto ausloggen.<\/p>\n<p>Zweck und Umfang der Datenerhebung durch die Betreiber des jeweiligen Netzwerkes und die dort vorgenommene weitere Verarbeitung und Nutzung Ihrer Daten wie auch Ihre diesbez\u00fcglichen Rechte entnehmen Sie bitte den jeweiligen Bestimmungen des jeweiligen Mediums:<\/p>\n<p>Facebook Bestimmungen: https:\/\/www.facebook.com\/privacy\/explanation<br \/>\nTwitter Bestimmungen: https:\/\/twitter.com\/de\/privacy<br \/>\nGoogle+ \/ YouTube Bestimmungen: http:\/\/www.google.de\/intl\/de\/policies\/privacy\/<\/p>\n<p><strong>Kontakt- und Auskunftsformulare<\/strong><\/p>\n<p>Zum Zweck einer Kontaktaufnahme oder einer Anfrage k\u00f6nnen Sie uns entweder per E-Mail, per Telefon oder \u00fcber ein Formular ansprechen. Die dabei erhobenen Daten werden ausschlie\u00dflich zum angegebenen Zweck benutzt und k\u00f6nnen Name, Vorname, Adresse, Telefonnummer, Faxnummer sowie die E-Mail-Adresse beinhalten.<\/p>\n<p><strong>Auftragsdatenverarbeitung<\/strong><\/p>\n<p>Unseren Webangebot hosten wir bei dem an uns weisungsgebundenen Auftragsverarbeiter 1und1 Internet SE, Eigendorfer Stra\u00dfe 57, 56410 Montabaur. Die statistische Auswertung erfolgt in Zusammenarbeit mit Google Inc., vertreten durch Google Ireland Ltd, Contract Administration Department, Gordon House, Barrow Street, Dublin 4, Irland. Entsprechende Vertr\u00e4ge zur Auftragverarbeitung gem\u00e4\u00df Artikel 28 der DSGVO liegen vor und k\u00f6nnen auf Nachfrage eingesehen werden.<\/p>\n<p><strong>Ihre Betroffenenrechte<\/strong><\/p>\n<p>Als Betroffene\/r haben Sie im Rahmen der Datenverarbeitung durch uns folgende Betroffenenrechte: Sie k\u00f6nnen von uns jederzeit, unentgeltlich und ohne Angaben von Gr\u00fcnden gem. Art. 15 DS-GVO Auskunft dar\u00fcber verlangen, welche Daten von Ihnen bei uns verarbeitet werden, gem. Art. 16 DS-GVO die Berichtigung unrichtiger Daten verlangen, gem. Art. 17 DS-GVO die L\u00f6schung Ihrer Daten verlangen, Ihre personenbezogenen Daten gem. Art. 20 DS-GVO erhalten oder einem anderen Verantwortlichen \u00fcbermitteln oder \u00fcbermitteln zu lassen, soweit dies machbar ist, gem. Art. 18 DS-GVO die Einschr\u00e4nkung der Verarbeitung verlangen und unter den Voraussetzungen des Art. 21 Abs. DS-GVO der Verarbeitung widersprechen, sofern die jeweiligen Voraussetzungen vorliegen.<\/p>\n<p><strong>Externe Links<\/strong><\/p>\n<p>Unser Angebot enth\u00e4lt Links zu externen Webseiten Dritter, auf deren Inhalte wir keinen Einfluss haben. Deshalb k\u00f6nnen wir daf\u00fcr auch keine Gew\u00e4hr \u00fcbernehmen. F\u00fcr die Inhalte der verlinkten Seiten ist stets der jeweilige Anbieter oder Betreiber der Seiten verantwortlich. Die verlinkten Seiten wurden zum Zeitpunkt der Verlinkung auf m\u00f6gliche Rechtsverst\u00f6\u00dfe \u00fcberpr\u00fcft. Rechtswidrige Inhalte waren zum Zeitpunkt der Verlinkung nicht erkennbar. Eine permanente inhaltliche Kontrolle der verlinkten Seiten ist jedoch ohne konkrete Anhaltspunkte einer Rechtsverletzung nicht zumutbar. Bei Bekanntwerden von Rechtsverletzungen werden wir derartige Links umgehend entfernen.<\/p>\n<p><strong>Ihr Beschwerderecht<\/strong><\/p>\n<p>Ihr Vertrauen ist uns wichtig. Daher m\u00f6chten wir Ihnen jederzeit Rede und Antwort bez\u00fcglich der Verarbeitung Ihrer personenbezogenen Daten stehen. Wenn Sie Fragen haben, die Ihnen diese Datenschutzerkl\u00e4rung nicht beantworten konnte oder wenn Sie zu einem Punkt vertiefte Informationen w\u00fcnschen, wenden Sie sich bitte jederzeit an unsere im Impressum angegeben Adresse.<\/p>\n<p>Sofern Sie Bedenken oder Beschwerden hinsichtlich der Rechtm\u00e4\u00dfigkeit der Verarbeitung ihrer personenbezogenen Daten haben, k\u00f6nnen Sie sich auch an die f\u00fcr die Spvgg. Quierschied zust\u00e4ndige Datenschutzaufsichtsbeh\u00f6rde (Unabh\u00e4ngiges Datenschutzzentrum Saarland, Monika Grethel, Landesbeauftragte f\u00fcr Datenschutz und Informationsfreiheit, Fritz-Dobisch-Stra\u00dfe 12 in 66111 Saarbr\u00fccken, Telefon: 0681 \/ 94781-0, Telefax: 0681 \/ 94781-29, E-Mail: poststelle@datenschutz.saarland.de) wenden. Dar\u00fcber hinaus steht Ihnen der Rechtsweg offen.<\/p>\n","protected":false},"excerpt":{"rendered":"<p>Die Autoren auf Spvgg-Quierschied.de admin = Sebastian Zenner (Webmaster) Presse = Fred Brill Info = Kai Berrang Angaben gem\u00e4\u00df \u00a7 5 TMG: Sportvereinigung Quierschied e.V. Hochstra\u00dfe 28 66287 Quierschied Vertreten durch den Vorstand. Kontakt: Telefon Clubheim: 06897 \/ 63331 Email:&hellip;<\/p>\n<p class=\"more-link-p\"><a class=\"more-link\" href=\"https:\/\/www.spvgg-quierschied.de\/?page_id=18\">Read more &rarr;<\/a><\/p>\n","protected":false},"author":1,"featured_media":0,"parent":0,"menu_order":0,"comment_status":"closed","ping_status":"closed","template":"","meta":{"footnotes":""},"class_list":["post-18","page","type-page","status-publish","hentry"],"_links":{"self":[{"href":"https:\/\/www.spvgg-quierschied.de\/index.php?rest_route=\/wp\/v2\/pages\/18","targetHints":{"allow":["GET"]}}],"collection":[{"href":"https:\/\/www.spvgg-quierschied.de\/index.php?rest_route=\/wp\/v2\/pages"}],"about":[{"href":"https:\/\/www.spvgg-quierschied.de\/index.php?rest_route=\/wp\/v2\/types\/page"}],"author":[{"embeddable":true,"href":"https:\/\/www.spvgg-quierschied.de\/index.php?rest_route=\/wp\/v2\/users\/1"}],"replies":[{"embeddable":true,"href":"https:\/\/www.spvgg-quierschied.de\/index.php?rest_route=%2Fwp%2Fv2%2Fcomments&post=18"}],"version-history":[{"count":30,"href":"https:\/\/www.spvgg-quierschied.de\/index.php?rest_route=\/wp\/v2\/pages\/18\/revisions"}],"predecessor-version":[{"id":24839,"href":"https:\/\/www.spvgg-quierschied.de\/index.php?rest_route=\/wp\/v2\/pages\/18\/revisions\/24839"}],"wp:attachment":[{"href":"https:\/\/www.spvgg-quierschied.de\/index.php?rest_route=%2Fwp%2Fv2%2Fmedia&parent=18"}],"curies":[{"name":"wp","href":"https:\/\/api.w.org\/{rel}","templated":true}]}}