{"id":17565,"date":"2017-06-22T14:03:10","date_gmt":"2017-06-22T12:03:10","guid":{"rendered":"http:\/\/www.spvgg-quierschied.de\/?page_id=17565"},"modified":"2025-08-12T18:11:16","modified_gmt":"2025-08-12T16:11:16","slug":"sport-und-fanartikel-von-sport-fleck","status":"publish","type":"page","link":"https:\/\/www.spvgg-quierschied.de\/?page_id=17565","title":{"rendered":"Vereinskollektion \/ Ausr\u00fcster"},"content":{"rendered":"\n<p>Unsere Sportvereinigung Quierschied pr\u00e4sentiert mit Teamsport Philipp Saar ab Sommer 2025 einen neuen Ausr\u00fcster. Die neue Kooperation wurde zun\u00e4chst f\u00fcr zwei Jahre festgelegt, mit dem gemeinsamen Ziel eine langj\u00e4hrige Partnerschaft daraus entstehen zu lassen. Weiterhin wird unser Verein dabei mit hochwertigen und einheitlichem Teamwear der Marke Adidas ausgestattet. <\/p>\n\n\n<div class=\"wp-block-image\">\n<figure class=\"aligncenter size-large\"><img loading=\"lazy\" decoding=\"async\" width=\"1024\" height=\"717\" src=\"https:\/\/www.spvgg-quierschied.de\/wp-content\/uploads\/2025\/07\/Stadionheft-1024x717.jpg\" alt=\"\" class=\"wp-image-34820\" srcset=\"https:\/\/www.spvgg-quierschied.de\/wp-content\/uploads\/2025\/07\/Stadionheft-1024x717.jpg 1024w, https:\/\/www.spvgg-quierschied.de\/wp-content\/uploads\/2025\/07\/Stadionheft-300x210.jpg 300w, https:\/\/www.spvgg-quierschied.de\/wp-content\/uploads\/2025\/07\/Stadionheft-768x537.jpg 768w, https:\/\/www.spvgg-quierschied.de\/wp-content\/uploads\/2025\/07\/Stadionheft-560x392.jpg 560w, https:\/\/www.spvgg-quierschied.de\/wp-content\/uploads\/2025\/07\/Stadionheft-260x182.jpg 260w, https:\/\/www.spvgg-quierschied.de\/wp-content\/uploads\/2025\/07\/Stadionheft-160x112.jpg 160w, https:\/\/www.spvgg-quierschied.de\/wp-content\/uploads\/2025\/07\/Stadionheft.jpg 1039w\" sizes=\"auto, (max-width: 1024px) 100vw, 1024px\" \/><\/figure>\n<\/div>\n\n\n<p><strong>Teamsport Philipp Saar findet man in der Philipp-Reis-Stra\u00dfe 6 in Saarwellingen.<\/strong> <strong>Kontakt:<\/strong> Tel: 06838\/9844690 Email cv@teamsport-saar.de<\/p>\n\n\n\n<h2 class=\"wp-block-heading has-text-align-center\">Hier die Team(Vereins) Kollektion:<\/h2>\n\n\n\n<figure class=\"wp-block-image size-large\"><a href=\"https:\/\/www.spvgg-quierschied.de\/wp-content\/uploads\/2025\/08\/1000347284.jpg\"><img loading=\"lazy\" decoding=\"async\" width=\"715\" height=\"1024\" src=\"https:\/\/www.spvgg-quierschied.de\/wp-content\/uploads\/2025\/08\/1000347284-715x1024.jpg\" alt=\"\" class=\"wp-image-34917\" srcset=\"https:\/\/www.spvgg-quierschied.de\/wp-content\/uploads\/2025\/08\/1000347284-715x1024.jpg 715w, https:\/\/www.spvgg-quierschied.de\/wp-content\/uploads\/2025\/08\/1000347284-210x300.jpg 210w, https:\/\/www.spvgg-quierschied.de\/wp-content\/uploads\/2025\/08\/1000347284-768x1099.jpg 768w, https:\/\/www.spvgg-quierschied.de\/wp-content\/uploads\/2025\/08\/1000347284-1073x1536.jpg 1073w, https:\/\/www.spvgg-quierschied.de\/wp-content\/uploads\/2025\/08\/1000347284-560x802.jpg 560w, https:\/\/www.spvgg-quierschied.de\/wp-content\/uploads\/2025\/08\/1000347284-260x372.jpg 260w, https:\/\/www.spvgg-quierschied.de\/wp-content\/uploads\/2025\/08\/1000347284-160x229.jpg 160w, https:\/\/www.spvgg-quierschied.de\/wp-content\/uploads\/2025\/08\/1000347284.jpg 1080w\" sizes=\"auto, (max-width: 715px) 100vw, 715px\" \/><\/a><\/figure>\n\n\n\n<p><\/p>\n\n\n\n<figure class=\"wp-block-image size-large\"><a href=\"https:\/\/www.spvgg-quierschied.de\/wp-content\/uploads\/2025\/08\/1000347286.jpg\"><img loading=\"lazy\" decoding=\"async\" width=\"717\" height=\"1024\" src=\"https:\/\/www.spvgg-quierschied.de\/wp-content\/uploads\/2025\/08\/1000347286-717x1024.jpg\" alt=\"\" class=\"wp-image-34919\" srcset=\"https:\/\/www.spvgg-quierschied.de\/wp-content\/uploads\/2025\/08\/1000347286-717x1024.jpg 717w, https:\/\/www.spvgg-quierschied.de\/wp-content\/uploads\/2025\/08\/1000347286-210x300.jpg 210w, https:\/\/www.spvgg-quierschied.de\/wp-content\/uploads\/2025\/08\/1000347286-768x1097.jpg 768w, https:\/\/www.spvgg-quierschied.de\/wp-content\/uploads\/2025\/08\/1000347286-1076x1536.jpg 1076w, https:\/\/www.spvgg-quierschied.de\/wp-content\/uploads\/2025\/08\/1000347286-560x800.jpg 560w, https:\/\/www.spvgg-quierschied.de\/wp-content\/uploads\/2025\/08\/1000347286-260x371.jpg 260w, https:\/\/www.spvgg-quierschied.de\/wp-content\/uploads\/2025\/08\/1000347286-160x228.jpg 160w, https:\/\/www.spvgg-quierschied.de\/wp-content\/uploads\/2025\/08\/1000347286.jpg 1080w\" sizes=\"auto, (max-width: 717px) 100vw, 717px\" \/><\/a><\/figure>\n\n\n\n<div class=\"wp-block-file\"><a id=\"wp-block-file--media-b6b80944-b9cf-4fdc-b95e-c4e381ae51ec\" href=\"https:\/\/www.spvgg-quierschied.de\/wp-content\/uploads\/2025\/08\/FORMULAR-PAKETE-SQUADRA-25.pdf\"><br>PDF Vereinskollektion Spvgg SQUADRA 25<\/a><a href=\"https:\/\/www.spvgg-quierschied.de\/wp-content\/uploads\/2025\/08\/FORMULAR-PAKETE-SQUADRA-25.pdf\" class=\"wp-block-file__button wp-element-button\" download aria-describedby=\"wp-block-file--media-b6b80944-b9cf-4fdc-b95e-c4e381ae51ec\">Herunterladen<\/a><\/div>\n","protected":false},"excerpt":{"rendered":"<p>Unsere Sportvereinigung Quierschied pr\u00e4sentiert mit Teamsport Philipp Saar ab Sommer 2025 einen neuen Ausr\u00fcster. Die neue Kooperation wurde zun\u00e4chst f\u00fcr zwei Jahre festgelegt, mit dem gemeinsamen Ziel eine langj\u00e4hrige Partnerschaft daraus entstehen zu lassen. Weiterhin wird unser Verein dabei mit&hellip;<\/p>\n<p class=\"more-link-p\"><a class=\"more-link\" href=\"https:\/\/www.spvgg-quierschied.de\/?page_id=17565\">Read more &rarr;<\/a><\/p>\n","protected":false},"author":1,"featured_media":0,"parent":17576,"menu_order":0,"comment_status":"closed","ping_status":"closed","template":"","meta":{"footnotes":""},"class_list":["post-17565","page","type-page","status-publish","hentry"],"_links":{"self":[{"href":"https:\/\/www.spvgg-quierschied.de\/index.php?rest_route=\/wp\/v2\/pages\/17565","targetHints":{"allow":["GET"]}}],"collection":[{"href":"https:\/\/www.spvgg-quierschied.de\/index.php?rest_route=\/wp\/v2\/pages"}],"about":[{"href":"https:\/\/www.spvgg-quierschied.de\/index.php?rest_route=\/wp\/v2\/types\/page"}],"author":[{"embeddable":true,"href":"https:\/\/www.spvgg-quierschied.de\/index.php?rest_route=\/wp\/v2\/users\/1"}],"replies":[{"embeddable":true,"href":"https:\/\/www.spvgg-quierschied.de\/index.php?rest_route=%2Fwp%2Fv2%2Fcomments&post=17565"}],"version-history":[{"count":41,"href":"https:\/\/www.spvgg-quierschied.de\/index.php?rest_route=\/wp\/v2\/pages\/17565\/revisions"}],"predecessor-version":[{"id":34925,"href":"https:\/\/www.spvgg-quierschied.de\/index.php?rest_route=\/wp\/v2\/pages\/17565\/revisions\/34925"}],"up":[{"embeddable":true,"href":"https:\/\/www.spvgg-quierschied.de\/index.php?rest_route=\/wp\/v2\/pages\/17576"}],"wp:attachment":[{"href":"https:\/\/www.spvgg-quierschied.de\/index.php?rest_route=%2Fwp%2Fv2%2Fmedia&parent=17565"}],"curies":[{"name":"wp","href":"https:\/\/api.w.org\/{rel}","templated":true}]}}