{"id":14056,"date":"2016-01-18T11:55:34","date_gmt":"2016-01-18T10:55:34","guid":{"rendered":"http:\/\/www.spvgg-quierschied.de\/?page_id=14056"},"modified":"2025-09-11T14:29:38","modified_gmt":"2025-09-11T12:29:38","slug":"spartenleiter","status":"publish","type":"page","link":"https:\/\/www.spvgg-quierschied.de\/?page_id=14056","title":{"rendered":"Infos &amp; Kontakt"},"content":{"rendered":"\n<p>Unsere AH-Abteilung der Sportvereinigung Quierschied ist gut aufgestellt. Regelm\u00e4\u00dfig findet einmal die Woche am Donnerstag das gut besuchte Training statt. Hier kommen viele ehemalige Aktiven-Kicker unseres Vereins &#8211; aber auch Neueinsteiger zusammen, die weiterhin Spa\u00df am Fu\u00dfball und der Bewegung haben. Nat\u00fcrlich wird auch mit Mannschaften in verschiedenen Altersklassen am Spielbetrieb des Saarl\u00e4ndischen Fu\u00dfballverbandes sowie im Winter an Hallenturnieren teilgenommen. Das sportlich erfolgreichste Jahr war mit Abstand die Saison 2024\/2025, als man es mit der \u00dc-32 auf die deutschen Meisterschaften nach Berlin geschafft hat. Aber auch die Kameradschaft wird bei unseren &#8222;jungen Alten&#8220; gro\u00dfgeschrieben, sei es in geselliger Runde nach dem Training oder Spiel im Clubheim, bei Festen oder der Abschlussfahrt. Und nat\u00fcrlich wird auch bei Veranstaltungen des Vereins mit angepackt. Es ist also immer was los!<\/p>\n\n\n\n<p><strong>Mannschaften in der Saison<\/strong> <strong>2025\/2026<\/strong> <strong>im Spielbetrieb:<\/strong><\/p>\n\n\n\n<p>AH-A (\u00fcber 32 Jahre)<br>AH-B (\u00fcber 40 Jahre)<\/p>\n\n\n\n<p><strong>Trainingszeit: <\/strong>Donnerstags 19:00 Uhr auf dem Kunstrasenplatz <\/p>\n\n\n\n<p><strong>Trainingszeit Sparte Walking-Football: <\/strong>Dienstags 19:00 Uhr auf dem Kunstrasenplatz<\/p>\n\n\n\n<p><strong>Ansprechpartner:<\/strong> AH-Leiter Jan Thielen Jan Thielen (Tel.: 0171 4198832, E-Mail janthielen@web.de)<\/p>\n\n\n\n<p><strong>Unsere gr\u00f6\u00dften Erfolge: <\/strong><\/p>\n\n\n\n<p>Saarlandpokalsieger mit der \u00dc-32 2018 und 2025<\/p>\n\n\n\n<p>S\u00fcdwestdeutscher Meister 2025<\/p>\n\n\n\n<p>5. Platz bei den Deutschen Meisterschaften in Berlin, August 2025<\/p>\n\n\n\n<figure class=\"wp-block-image size-large\"><a href=\"https:\/\/www.spvgg-quierschied.de\/wp-content\/uploads\/2025\/06\/20250614_2035090-scaled.jpg\"><img loading=\"lazy\" decoding=\"async\" width=\"1024\" height=\"473\" src=\"https:\/\/www.spvgg-quierschied.de\/wp-content\/uploads\/2025\/06\/20250614_2035090-1024x473.jpg\" alt=\"\" class=\"wp-image-34502\" srcset=\"https:\/\/www.spvgg-quierschied.de\/wp-content\/uploads\/2025\/06\/20250614_2035090-1024x473.jpg 1024w, https:\/\/www.spvgg-quierschied.de\/wp-content\/uploads\/2025\/06\/20250614_2035090-300x139.jpg 300w, https:\/\/www.spvgg-quierschied.de\/wp-content\/uploads\/2025\/06\/20250614_2035090-768x355.jpg 768w, https:\/\/www.spvgg-quierschied.de\/wp-content\/uploads\/2025\/06\/20250614_2035090-1536x710.jpg 1536w, https:\/\/www.spvgg-quierschied.de\/wp-content\/uploads\/2025\/06\/20250614_2035090-2048x946.jpg 2048w, https:\/\/www.spvgg-quierschied.de\/wp-content\/uploads\/2025\/06\/20250614_2035090-560x259.jpg 560w, https:\/\/www.spvgg-quierschied.de\/wp-content\/uploads\/2025\/06\/20250614_2035090-260x120.jpg 260w, https:\/\/www.spvgg-quierschied.de\/wp-content\/uploads\/2025\/06\/20250614_2035090-160x74.jpg 160w\" sizes=\"auto, (max-width: 1024px) 100vw, 1024px\" \/><\/a><\/figure>\n\n\n\n<figure class=\"wp-block-image size-large\"><a href=\"https:\/\/www.spvgg-quierschied.de\/wp-content\/uploads\/2025\/07\/20250705_183906-scaled.jpg\"><img loading=\"lazy\" decoding=\"async\" width=\"1024\" height=\"473\" src=\"https:\/\/www.spvgg-quierschied.de\/wp-content\/uploads\/2025\/07\/20250705_183906-1024x473.jpg\" alt=\"\" class=\"wp-image-34643\" srcset=\"https:\/\/www.spvgg-quierschied.de\/wp-content\/uploads\/2025\/07\/20250705_183906-1024x473.jpg 1024w, https:\/\/www.spvgg-quierschied.de\/wp-content\/uploads\/2025\/07\/20250705_183906-300x139.jpg 300w, https:\/\/www.spvgg-quierschied.de\/wp-content\/uploads\/2025\/07\/20250705_183906-768x355.jpg 768w, https:\/\/www.spvgg-quierschied.de\/wp-content\/uploads\/2025\/07\/20250705_183906-1536x710.jpg 1536w, https:\/\/www.spvgg-quierschied.de\/wp-content\/uploads\/2025\/07\/20250705_183906-2048x946.jpg 2048w, https:\/\/www.spvgg-quierschied.de\/wp-content\/uploads\/2025\/07\/20250705_183906-560x259.jpg 560w, https:\/\/www.spvgg-quierschied.de\/wp-content\/uploads\/2025\/07\/20250705_183906-260x120.jpg 260w, https:\/\/www.spvgg-quierschied.de\/wp-content\/uploads\/2025\/07\/20250705_183906-160x74.jpg 160w\" sizes=\"auto, (max-width: 1024px) 100vw, 1024px\" \/><\/a><\/figure>\n\n\n\n<figure class=\"wp-block-image size-large\"><a href=\"https:\/\/www.spvgg-quierschied.de\/wp-content\/uploads\/2025\/09\/1000353310-scaled.jpg\"><img loading=\"lazy\" decoding=\"async\" width=\"1024\" height=\"604\" src=\"https:\/\/www.spvgg-quierschied.de\/wp-content\/uploads\/2025\/09\/1000353310-1024x604.jpg\" alt=\"\" class=\"wp-image-35205\" srcset=\"https:\/\/www.spvgg-quierschied.de\/wp-content\/uploads\/2025\/09\/1000353310-1024x604.jpg 1024w, https:\/\/www.spvgg-quierschied.de\/wp-content\/uploads\/2025\/09\/1000353310-300x177.jpg 300w, https:\/\/www.spvgg-quierschied.de\/wp-content\/uploads\/2025\/09\/1000353310-768x453.jpg 768w, https:\/\/www.spvgg-quierschied.de\/wp-content\/uploads\/2025\/09\/1000353310-1536x905.jpg 1536w, https:\/\/www.spvgg-quierschied.de\/wp-content\/uploads\/2025\/09\/1000353310-2048x1207.jpg 2048w, https:\/\/www.spvgg-quierschied.de\/wp-content\/uploads\/2025\/09\/1000353310-560x330.jpg 560w, https:\/\/www.spvgg-quierschied.de\/wp-content\/uploads\/2025\/09\/1000353310-260x153.jpg 260w, https:\/\/www.spvgg-quierschied.de\/wp-content\/uploads\/2025\/09\/1000353310-160x94.jpg 160w\" sizes=\"auto, (max-width: 1024px) 100vw, 1024px\" \/><\/a><\/figure>\n","protected":false},"excerpt":{"rendered":"<p>Unsere AH-Abteilung der Sportvereinigung Quierschied ist gut aufgestellt. Regelm\u00e4\u00dfig findet einmal die Woche am Donnerstag das gut besuchte Training statt. Hier kommen viele ehemalige Aktiven-Kicker unseres Vereins &#8211; aber auch Neueinsteiger zusammen, die weiterhin Spa\u00df am Fu\u00dfball und der Bewegung&hellip;<\/p>\n<p class=\"more-link-p\"><a class=\"more-link\" href=\"https:\/\/www.spvgg-quierschied.de\/?page_id=14056\">Read more &rarr;<\/a><\/p>\n","protected":false},"author":1,"featured_media":0,"parent":16,"menu_order":0,"comment_status":"closed","ping_status":"closed","template":"","meta":{"footnotes":""},"class_list":["post-14056","page","type-page","status-publish","hentry"],"_links":{"self":[{"href":"https:\/\/www.spvgg-quierschied.de\/index.php?rest_route=\/wp\/v2\/pages\/14056","targetHints":{"allow":["GET"]}}],"collection":[{"href":"https:\/\/www.spvgg-quierschied.de\/index.php?rest_route=\/wp\/v2\/pages"}],"about":[{"href":"https:\/\/www.spvgg-quierschied.de\/index.php?rest_route=\/wp\/v2\/types\/page"}],"author":[{"embeddable":true,"href":"https:\/\/www.spvgg-quierschied.de\/index.php?rest_route=\/wp\/v2\/users\/1"}],"replies":[{"embeddable":true,"href":"https:\/\/www.spvgg-quierschied.de\/index.php?rest_route=%2Fwp%2Fv2%2Fcomments&post=14056"}],"version-history":[{"count":20,"href":"https:\/\/www.spvgg-quierschied.de\/index.php?rest_route=\/wp\/v2\/pages\/14056\/revisions"}],"predecessor-version":[{"id":35217,"href":"https:\/\/www.spvgg-quierschied.de\/index.php?rest_route=\/wp\/v2\/pages\/14056\/revisions\/35217"}],"up":[{"embeddable":true,"href":"https:\/\/www.spvgg-quierschied.de\/index.php?rest_route=\/wp\/v2\/pages\/16"}],"wp:attachment":[{"href":"https:\/\/www.spvgg-quierschied.de\/index.php?rest_route=%2Fwp%2Fv2%2Fmedia&parent=14056"}],"curies":[{"name":"wp","href":"https:\/\/api.w.org\/{rel}","templated":true}]}}