{"id":14052,"date":"2016-01-18T11:53:02","date_gmt":"2016-01-18T10:53:02","guid":{"rendered":"http:\/\/www.spvgg-quierschied.de\/?page_id=14052"},"modified":"2025-09-10T10:16:05","modified_gmt":"2025-09-10T08:16:05","slug":"infos-sparte","status":"publish","type":"page","link":"https:\/\/www.spvgg-quierschied.de\/?page_id=14052","title":{"rendered":"Infos &amp; Kontakt"},"content":{"rendered":"\n<p><strong>Kontakt<\/strong> <strong>Jugendleitung:<\/strong>&nbsp;Markus Ackermann (Tel: 017683019479, E-Mail: jugendleitungquierschied@gmail.com)<\/p>\n\n\n\n<p><strong>Spiel\u00fcbersicht aller Mannschaften auf www.fussball.de:<\/strong> <a href=\"https:\/\/www.fussball.de\/verein\/spvgg-quierschied-saarland\/-\/id\/00ES8GNBEO000061VV0AG08LVUPGND5I#!\/\" target=\"_blank\" rel=\"noreferrer noopener\">KLICK HIER<\/a><\/p>\n\n\n\n<p><strong>Ca. 180 Kinder und Jugendliche spielen derzeit in insgesamt 12 Jugendmannschaften in unserem Verein Fu\u00dfball. Die Jugendabteilung ist die Zukunft eines jeden Vereins und so wird die Jugendarbeit auch bei uns gro\u00df geschrieben! Von den kleinsten,  den &#8222;Minis&#8220; bis zu den \u00e4lteren Kickern aus der A-Jugend, bei unserer Sportvereinigung Quierschied kann man in jeder Altersklasse Teil einer Mannschaft werden. <\/strong><\/p>\n\n\n\n<p><strong>Ab der C-Jugend befinden wir uns in einer Spielgemeinschaft mit den Nachbarvereinen FV Fischbach und SV G\u00f6ttelborn. <\/strong><\/p>\n\n\n\n<p><strong>In unserer Jugendabteilung ist auch immer was los! So sorgen zahlreiche Veranstaltungen wie u.a. das Ackermann-Jugendfu\u00dfballturnier, das Sommer-Ferien-Camp, Hallenturniere und gemeinsame Weihnachtsfeiern f\u00fcr sehr viel Abwechslung im Jahresverlauf. <\/strong><\/p>\n\n\n\n<p><strong>Unsere Jugendabteilung ist stets auf der Suche nach Sponsoren und Unterst\u00fctzern, die den Jugendfu\u00dfball in Quierschied f\u00f6rdern wollen. Ebenso werden stets engagierte Trainer und Betreuer gesucht. Ansprechpartner ist Jugendleiter Markus Ackermann (Kontaktdaten siehe oben) oder jedes weitere Vorstandsmitglied unseres Vereins.<\/strong><\/p>\n\n\n\n<figure class=\"wp-block-image size-large\"><a href=\"https:\/\/www.spvgg-quierschied.de\/wp-content\/uploads\/2017\/03\/G-Jugend-am-19.03.2017-1.jpg\"><img loading=\"lazy\" decoding=\"async\" width=\"768\" height=\"1024\" src=\"https:\/\/www.spvgg-quierschied.de\/wp-content\/uploads\/2017\/03\/G-Jugend-am-19.03.2017-1-768x1024.jpg\" alt=\"\" class=\"wp-image-17072\" srcset=\"https:\/\/www.spvgg-quierschied.de\/wp-content\/uploads\/2017\/03\/G-Jugend-am-19.03.2017-1-768x1024.jpg 768w, https:\/\/www.spvgg-quierschied.de\/wp-content\/uploads\/2017\/03\/G-Jugend-am-19.03.2017-1-225x300.jpg 225w, https:\/\/www.spvgg-quierschied.de\/wp-content\/uploads\/2017\/03\/G-Jugend-am-19.03.2017-1-560x747.jpg 560w, https:\/\/www.spvgg-quierschied.de\/wp-content\/uploads\/2017\/03\/G-Jugend-am-19.03.2017-1-260x347.jpg 260w, https:\/\/www.spvgg-quierschied.de\/wp-content\/uploads\/2017\/03\/G-Jugend-am-19.03.2017-1-160x213.jpg 160w, https:\/\/www.spvgg-quierschied.de\/wp-content\/uploads\/2017\/03\/G-Jugend-am-19.03.2017-1.jpg 903w\" sizes=\"auto, (max-width: 768px) 100vw, 768px\" \/><\/a><\/figure>\n","protected":false},"excerpt":{"rendered":"<p>Kontakt Jugendleitung:&nbsp;Markus Ackermann (Tel: 017683019479, E-Mail: jugendleitungquierschied@gmail.com) Spiel\u00fcbersicht aller Mannschaften auf www.fussball.de: KLICK HIER Ca. 180 Kinder und Jugendliche spielen derzeit in insgesamt 12 Jugendmannschaften in unserem Verein Fu\u00dfball. Die Jugendabteilung ist die Zukunft eines jeden Vereins und so wird&hellip;<\/p>\n<p class=\"more-link-p\"><a class=\"more-link\" href=\"https:\/\/www.spvgg-quierschied.de\/?page_id=14052\">Read more &rarr;<\/a><\/p>\n","protected":false},"author":1,"featured_media":0,"parent":11,"menu_order":0,"comment_status":"closed","ping_status":"closed","template":"","meta":{"footnotes":""},"class_list":["post-14052","page","type-page","status-publish","hentry"],"_links":{"self":[{"href":"https:\/\/www.spvgg-quierschied.de\/index.php?rest_route=\/wp\/v2\/pages\/14052","targetHints":{"allow":["GET"]}}],"collection":[{"href":"https:\/\/www.spvgg-quierschied.de\/index.php?rest_route=\/wp\/v2\/pages"}],"about":[{"href":"https:\/\/www.spvgg-quierschied.de\/index.php?rest_route=\/wp\/v2\/types\/page"}],"author":[{"embeddable":true,"href":"https:\/\/www.spvgg-quierschied.de\/index.php?rest_route=\/wp\/v2\/users\/1"}],"replies":[{"embeddable":true,"href":"https:\/\/www.spvgg-quierschied.de\/index.php?rest_route=%2Fwp%2Fv2%2Fcomments&post=14052"}],"version-history":[{"count":52,"href":"https:\/\/www.spvgg-quierschied.de\/index.php?rest_route=\/wp\/v2\/pages\/14052\/revisions"}],"predecessor-version":[{"id":35170,"href":"https:\/\/www.spvgg-quierschied.de\/index.php?rest_route=\/wp\/v2\/pages\/14052\/revisions\/35170"}],"up":[{"embeddable":true,"href":"https:\/\/www.spvgg-quierschied.de\/index.php?rest_route=\/wp\/v2\/pages\/11"}],"wp:attachment":[{"href":"https:\/\/www.spvgg-quierschied.de\/index.php?rest_route=%2Fwp%2Fv2%2Fmedia&parent=14052"}],"curies":[{"name":"wp","href":"https:\/\/api.w.org\/{rel}","templated":true}]}}