{"id":11,"date":"2011-08-14T08:47:33","date_gmt":"2011-08-14T08:47:33","guid":{"rendered":"http:\/\/www.svquierschied.de\/wordpress\/?page_id=11"},"modified":"2020-09-11T11:36:06","modified_gmt":"2020-09-11T09:36:06","slug":"jugendabteilung","status":"publish","type":"page","link":"https:\/\/www.spvgg-quierschied.de\/?page_id=11","title":{"rendered":"Jugendabteilung"},"content":{"rendered":"\n\n\n<h1 class=\"wp-block-heading\"><strong>News Jugend<\/strong><\/h1>\n\n\n\n<p>Nach fast 20 Jahren in der Jugendabteilung beendete Eddi Fernsner &#8211; wie auf der letzten Mitgliederversammlung 2019 angek\u00fcndigt &#8211; zum 30. Juni sein Engagement als Jugendleiter der Spvgg Quierschied. Dies hatten wir bereits in der letzten Ausgabe berichtet!<\/p>\n\n\n\n<p>Nun hat sich die Jugendabteilung neu aufgestellt:<\/p>\n\n\n\n<p>Wie wichtig dies auch dem Vorstand ist zeigt sich bei dem neuen Team Jugendleitung. Gleich 3 Mitglieder des erweiternden Vorstands unterst\u00fctzen den neuen Jugendleiter Christian Meiser. Das neue Credo der Jugendteamleitung lautet aus einem machen wir 4. Nur gemeinsam k\u00f6nnen die vielf\u00e4ltigen Aufgaben einer Jugendteamleitung wahrgenommen werden!<\/p>\n\n\n\n<p>Das neue Jugendleitungsteam besteht aus folgenden Personen:<\/p>\n\n\n\n<p>1.Jugendleiter Christian(\u201eInge\u201c)Meiser. Schwerpunkt seiner Arbeit ist die Gesamt Organisation und die Koordination untere Mannschaften G.Jugend \u2013 D.Jugend. In diesem Bereich spielen auch seine beiden S\u00f6hne und er hat den direkten Draht zu diesen Mannschaften.<\/p>\n\n\n\n<p>2.Kai Berrang ist der Koordinator Obere Mannschaften A\u2013C.Jugend. Da er auch Spielausschuss-Leiter der Aktiven ist soll hiermit der \u00dcbergang Jugend zu Aktiven verbessert werden!&nbsp;<\/p>\n\n\n\n<p>3. Zust\u00e4ndig f\u00fcr \u00d6ffentlichkeits &#8211; und Organisationsarbeit ist Fred Brill, der mit fast 20 Jahren Jugendarbeit in Quierschied und Walpershofen reichlich Erfahrung in der Jugendarbeit hat.<\/p>\n\n\n\n<p>4. Gut aufgestellt ist man auch in dem Bereich Finanzen mit Diana K\u00fcmpel, die sehr viel berufliche Erfahrung in diesem Bereich einbringt.<\/p>\n\n\n\n<p>Sehr gro\u00dfe Unterst\u00fctzung im Rahmen der SG Quierschied erh\u00e4lt das Team durch den Jugendleiter Marc Zundel vom Nachbarverein FV Fischbach!&nbsp;<\/p>\n\n\n\n<p><\/p>\n\n\n\n<p><\/p>\n\n\n\n<p><\/p>\n\n\n\n<p><\/p>\n\n\n\n<p><\/p>\n","protected":false},"excerpt":{"rendered":"<p>News Jugend Nach fast 20 Jahren in der Jugendabteilung beendete Eddi Fernsner &#8211; wie auf der letzten Mitgliederversammlung 2019 angek\u00fcndigt &#8211; zum 30. Juni sein Engagement als Jugendleiter der Spvgg Quierschied. Dies hatten wir bereits in der letzten Ausgabe berichtet!&hellip;<\/p>\n<p class=\"more-link-p\"><a class=\"more-link\" href=\"https:\/\/www.spvgg-quierschied.de\/?page_id=11\">Read more &rarr;<\/a><\/p>\n","protected":false},"author":1,"featured_media":0,"parent":0,"menu_order":0,"comment_status":"closed","ping_status":"closed","template":"","meta":{"footnotes":""},"class_list":["post-11","page","type-page","status-publish","hentry"],"_links":{"self":[{"href":"https:\/\/www.spvgg-quierschied.de\/index.php?rest_route=\/wp\/v2\/pages\/11","targetHints":{"allow":["GET"]}}],"collection":[{"href":"https:\/\/www.spvgg-quierschied.de\/index.php?rest_route=\/wp\/v2\/pages"}],"about":[{"href":"https:\/\/www.spvgg-quierschied.de\/index.php?rest_route=\/wp\/v2\/types\/page"}],"author":[{"embeddable":true,"href":"https:\/\/www.spvgg-quierschied.de\/index.php?rest_route=\/wp\/v2\/users\/1"}],"replies":[{"embeddable":true,"href":"https:\/\/www.spvgg-quierschied.de\/index.php?rest_route=%2Fwp%2Fv2%2Fcomments&post=11"}],"version-history":[{"count":15,"href":"https:\/\/www.spvgg-quierschied.de\/index.php?rest_route=\/wp\/v2\/pages\/11\/revisions"}],"predecessor-version":[{"id":23891,"href":"https:\/\/www.spvgg-quierschied.de\/index.php?rest_route=\/wp\/v2\/pages\/11\/revisions\/23891"}],"wp:attachment":[{"href":"https:\/\/www.spvgg-quierschied.de\/index.php?rest_route=%2Fwp%2Fv2%2Fmedia&parent=11"}],"curies":[{"name":"wp","href":"https:\/\/api.w.org\/{rel}","templated":true}]}}